{"id":5,"date":"2020-10-08T09:31:33","date_gmt":"2020-10-08T12:31:33","guid":{"rendered":"http:\/\/localhost\/socorro-lira\/?page_id=5"},"modified":"2024-11-11T08:46:46","modified_gmt":"2024-11-11T11:46:46","slug":"biografia","status":"publish","type":"page","link":"https:\/\/www.socorrolira.com.br\/es\/biografia\/","title":{"rendered":"Biograf\u00eda"},"content":{"rendered":"\n<p><strong>Socorro Lira fue premiada en 2012 e indicada en 2016 y 2017 al Pr\u00eamio da M\u00fasica Brasileira.<\/strong>\u00a0Maria do Socorro Pereira, de nombre art\u00edstico Socorro Lira, naci\u00f3 en la zona rural de Brejo do Cruz, <em>sert\u00e3o<\/em> da Para\u00edba, Nordeste, Brasil, en el a\u00f1o 1974. Es poeta, compositora, int\u00e9rprete, instrumentalista y productora cultural. Estudi\u00f3 Psicolog\u00eda Social en la Universidade Estadual da Para\u00edba. Se inicia\u00a0 en la guitarra de manera autodidacta y acaba por\u00a0 estudiar t\u00e9cnica de guitarra e introducci\u00f3n a la guitarra cl\u00e1sica en el Departamento de Artes de la\u00a0 Universidade Federal de Campina Grande. Reside en S\u00e3o Paulo capital, desde 2004.<\/p>\n\n\n\n<p>Discograf\u00eda. Inici\u00f3 su carrera dentro de la m\u00fasica en 2001 y, desde entonces, lanz\u00f3 13 CDs, 1 DVD y 2 EPs,\u00a0de cuyas producciones ella misma se encarga. <a href=\"https:\/\/pt.wikipedia.org\/wiki\/Socorro_Lira\">https:\/\/pt.wikipedia.org\/wiki\/Socorro_Lira<\/a><br><br>Distribuci\u00f3n f\u00edsica y digital: <a href=\"http:\/\/www.tratore.com.br\">www.tratore.com.br<\/a><\/p>\n\n\n\n<p><strong><u><strong>Proyecto Mem\u00f3ria Musical da Para\u00edba \u2013 MMPB (producci\u00f3n y direcci\u00f3n art\u00edstica)<\/strong><br><\/u><\/strong><u>\u2022 2011 \u2013 CD\u00a0<em>Lua Bonita,\u00a0<\/em>de la obra del compositor paraibano Z\u00e9 do Norte \u2013 100 anos<br>\u2022 2007 \u2013 CD\u00a0<em>Desencosta da Parede<\/em>\u00a0de las <em>cirandeiras<\/em> de Caiana dos Crioulos<br>\u2022 2004 \u2013 CD\u00a0<em>Pedra de Amolar<\/em>\u00a0de la obra in\u00e9dita e en homenaje a Z\u00e9 Marcolino<br>\u2022 2003 \u2013 CD\u00a0<em>Ciranda, Coco-de-Roda e Outros Cantos\u00a0<\/em>(DP), Caiana dos Crioulos<\/u><\/p>\n\n\n\n<p><strong><u><strong>Publica\u00e7\u00f5es Liter\u00e1rias<\/strong><br><\/u><\/strong><u>\u2022 2020 \u2013 <em>Falar dos Meus Amores Invis\u00edveis<\/em> (Novela, Editora Carpe Librum)<br>\u2022 2018 \u2013 <em>Da perspectiva das orqu\u00eddeas<\/em> (Poes\u00eda, Editora Patu\u00e1)<br>\u2022 2018 \u2013 <em>A l\u00edngua que a gente fala<\/em> (Cuento infantil, Editora IMEPH)<br>\u2022 2015 \u2013 <em>A pena secreta da asa<\/em> (Poes\u00eda, Uka Editorial)<br>\u2022 2007 \u2013 <em>Aquarelar <\/em>(Poes\u00eda, edici\u00f3n de la autora)<\/u><\/p>\n\n\n\n<p><strong><u><strong>Premios<\/strong><\/u><\/strong><br>Socorro Lira fue premiada en 2012 e indicada en 2016 e 2017 al \u201cPr\u00eamio da M\u00fasica Brasileira\u201d\u00a0 como Mejor Cantante (categor\u00eda regional), siendo este el m\u00e1s importante galard\u00f3n de la m\u00fasica del pa\u00eds.<br>Gan\u00f3 el \u201cTrof\u00e9u Cata-vento de melhor m\u00fasica\u201d (Pata humana pata) de 2013, de R\u00e1dio Cultura FM \u2013 S\u00e3o Paulo \u2013 Programa Solano Ribeiro.<br>En 1998 consigui\u00f3 el Pr\u00eamio Europa 98 de la\u00a0 \u201cAssociazione Senza Frontiere\u201d, de Lentate Sul \u2013 Seveso, Mil\u00e1n \u2013 Italia.<\/p>\n\n\n\n<p><strong><u>Audiovisual<\/u><\/strong><br>Aqui tem coco, um dia em Caiana dos Crioulos (cortometraje, documental)<br>Zefa (mini cortometraje, documental)<\/p>\n\n\n\n<p><strong><u><strong>Otros<\/strong><\/u><\/strong><br>Como artista, actu\u00f3 en varios pa\u00edses de Europa, \u00c1frica, Asia y Am\u00e9rica Latina, incluyendo, por supuesto, Brasil.<br>Es creadora y directora art\u00edstica del Pr\u00eamio Gr\u00e3o de M\u00fasica\u00a0<a href=\"http:\/\/www.premiograodemusica.com.br\/\">www.premiograodemusica.com.br<\/a><br>Es cofundadora y presidenta de la <em>Associa\u00e7i\u00f3n Cultural Mata Branca \u2013 Espa\u00e7o Mata Branca<\/em>, en su ciudad natal, Brejo do Cruz, Para\u00edba \u2013 Brasil. Esta entidad desenvuelve actividades art\u00edstico-culturales junto y\u00a0 para la comunidad, especialmente para ni\u00f1as y ni\u00f1os.<\/p>\n\n\n\n<p>Oficial&nbsp;<a href=\"http:\/\/www.socorrolira.com.br\/\">www.socorrolira.com.br<\/a><\/p>\n","protected":false},"excerpt":{"rendered":"<p>Socorro Lira fue premiada en 2012 e indicada en 2016 y 2017 al Pr\u00eamio da M\u00fasica Brasileira.\u00a0Maria do Socorro Pereira, de nombre art\u00edstico Socorro Lira, naci\u00f3 en la zona rural de Brejo do Cruz, sert\u00e3o da Para\u00edba, Nordeste, Brasil, en el a\u00f1o 1974. Es poeta, compositora, int\u00e9rprete, instrumentalista y productora cultural. Estudi\u00f3 Psicolog\u00eda Social en [&hellip;]<\/p>\n","protected":false},"author":2,"featured_media":0,"parent":0,"menu_order":0,"comment_status":"closed","ping_status":"closed","template":"page-biografia.php","meta":{"ngg_post_thumbnail":0,"footnotes":""},"class_list":["post-5","page","type-page","status-publish","hentry"],"yoast_head":"<!-- This site is optimized with the Yoast SEO plugin v26.9 - https:\/\/yoast.com\/product\/yoast-seo-wordpress\/ -->\n<title>Biograf\u00eda - Socorro Lira<\/title>\n<meta name=\"robots\" content=\"index, follow, max-snippet:-1, max-image-preview:large, max-video-preview:-1\" \/>\n<link rel=\"canonical\" href=\"https:\/\/www.socorrolira.com.br\/es\/biografia\/\" \/>\n<meta property=\"og:locale\" content=\"es_ES\" \/>\n<meta property=\"og:locale:alternate\" content=\"en_US\" \/>\n<meta property=\"og:locale:alternate\" content=\"pt_BR\" \/>\n<meta property=\"og:type\" content=\"article\" \/>\n<meta property=\"og:title\" content=\"Biograf\u00eda\" \/>\n<meta property=\"og:description\" content=\"Socorro Lira fue premiada en 2012 e indicada en 2016 y 2017 al Pr\u00eamio da M\u00fasica Brasileira.\u00a0Maria do Socorro Pereira, de nombre art\u00edstico Socorro Lira, naci\u00f3 en la zona rural de Brejo do Cruz, sert\u00e3o da Para\u00edba, Nordeste, Brasil, en el a\u00f1o 1974. Es poeta, compositora, int\u00e9rprete, instrumentalista y productora cultural. Estudi\u00f3 Psicolog\u00eda Social en [&hellip;]\" \/>\n<meta property=\"og:url\" content=\"https:\/\/www.socorrolira.com.br\/es\/biografia\/\" \/>\n<meta property=\"og:site_name\" content=\"Socorro Lira\" \/>\n<meta property=\"article:modified_time\" content=\"2024-11-11T11:46:46+00:00\" \/>\n<meta property=\"og:image\" content=\"https:\/\/www.socorrolira.com.br\/wp-content\/uploads\/2021\/05\/BANNER-e1620241644572.png\" \/>\n\t<meta property=\"og:image:width\" content=\"575\" \/>\n\t<meta property=\"og:image:height\" content=\"787\" \/>\n\t<meta property=\"og:image:type\" content=\"image\/png\" \/>\n<meta name=\"twitter:card\" content=\"summary_large_image\" \/>\n<meta name=\"twitter:label1\" content=\"Tiempo de lectura\" \/>\n\t<meta name=\"twitter:data1\" content=\"4 minutos\" \/>\n<script type=\"application\/ld+json\" class=\"yoast-schema-graph\">{\"@context\":\"https:\/\/schema.org\",\"@graph\":[{\"@type\":\"WebPage\",\"@id\":\"https:\/\/www.socorrolira.com.br\/biografia\/\",\"url\":\"https:\/\/www.socorrolira.com.br\/biografia\/\",\"name\":\"Biograf\u00eda\",\"isPartOf\":{\"@id\":\"https:\/\/www.socorrolira.com.br\/#website\"},\"datePublished\":\"2020-10-08T12:31:33+00:00\",\"dateModified\":\"2024-11-11T11:46:46+00:00\",\"breadcrumb\":{\"@id\":\"https:\/\/www.socorrolira.com.br\/biografia\/#breadcrumb\"},\"inLanguage\":\"es-ES\",\"potentialAction\":[{\"@type\":\"ReadAction\",\"target\":[\"https:\/\/www.socorrolira.com.br\/biografia\/\"]}]},{\"@type\":\"BreadcrumbList\",\"@id\":\"https:\/\/www.socorrolira.com.br\/biografia\/#breadcrumb\",\"itemListElement\":[{\"@type\":\"ListItem\",\"position\":1,\"name\":\"In\u00edcio\",\"item\":\"https:\/\/www.socorrolira.com.br\/\"},{\"@type\":\"ListItem\",\"position\":2,\"name\":\"Biografia\"}]},{\"@type\":\"WebSite\",\"@id\":\"https:\/\/www.socorrolira.com.br\/#website\",\"url\":\"https:\/\/www.socorrolira.com.br\/\",\"name\":\"Socorro Lira\",\"description\":\"\",\"publisher\":{\"@id\":\"https:\/\/www.socorrolira.com.br\/#\/schema\/person\/19594370e03ea5a44de8a65dbdfed8d1\"},\"potentialAction\":[{\"@type\":\"SearchAction\",\"target\":{\"@type\":\"EntryPoint\",\"urlTemplate\":\"https:\/\/www.socorrolira.com.br\/?s={search_term_string}\"},\"query-input\":{\"@type\":\"PropertyValueSpecification\",\"valueRequired\":true,\"valueName\":\"search_term_string\"}}],\"inLanguage\":\"es-ES\"},{\"@type\":[\"Person\",\"Organization\"],\"@id\":\"https:\/\/www.socorrolira.com.br\/#\/schema\/person\/19594370e03ea5a44de8a65dbdfed8d1\",\"name\":\"Socorro Lira\",\"image\":{\"@type\":\"ImageObject\",\"inLanguage\":\"es-ES\",\"@id\":\"https:\/\/www.socorrolira.com.br\/#\/schema\/person\/image\/\",\"url\":\"https:\/\/www.socorrolira.com.br\/wp-content\/uploads\/2021\/05\/BANNER-e1620241644572.png\",\"contentUrl\":\"https:\/\/www.socorrolira.com.br\/wp-content\/uploads\/2021\/05\/BANNER-e1620241644572.png\",\"width\":575,\"height\":787,\"caption\":\"Socorro Lira\"},\"logo\":{\"@id\":\"https:\/\/www.socorrolira.com.br\/#\/schema\/person\/image\/\"}}]}<\/script>\n<!-- \/ Yoast SEO plugin. -->","yoast_head_json":{"title":"Biograf\u00eda - Socorro Lira","robots":{"index":"index","follow":"follow","max-snippet":"max-snippet:-1","max-image-preview":"max-image-preview:large","max-video-preview":"max-video-preview:-1"},"canonical":"https:\/\/www.socorrolira.com.br\/es\/biografia\/","og_locale":"es_ES","og_type":"article","og_title":"[:en]Biography[:pt]Biografia[:es]Biograf\u00eda[:] - Socorro Lira","og_description":"Socorro Lira fue premiada en 2012 e indicada en 2016 y 2017 al Pr\u00eamio da M\u00fasica Brasileira.\u00a0Maria do Socorro Pereira, de nombre art\u00edstico Socorro Lira, naci\u00f3 en la zona rural de Brejo do Cruz, sert\u00e3o da Para\u00edba, Nordeste, Brasil, en el a\u00f1o 1974. Es poeta, compositora, int\u00e9rprete, instrumentalista y productora cultural. Estudi\u00f3 Psicolog\u00eda Social en [&hellip;]","og_url":"https:\/\/www.socorrolira.com.br\/es\/biografia\/","og_site_name":"Socorro Lira","article_modified_time":"2024-11-11T11:46:46+00:00","og_image":[{"width":575,"height":787,"url":"https:\/\/www.socorrolira.com.br\/wp-content\/uploads\/2021\/05\/BANNER-e1620241644572.png","type":"image\/png"}],"twitter_card":"summary_large_image","twitter_misc":{"Tiempo de lectura":"4 minutos"},"schema":{"@context":"https:\/\/schema.org","@graph":[{"@type":"WebPage","@id":"https:\/\/www.socorrolira.com.br\/biografia\/","url":"https:\/\/www.socorrolira.com.br\/biografia\/","name":"Biograf\u00eda","isPartOf":{"@id":"https:\/\/www.socorrolira.com.br\/#website"},"datePublished":"2020-10-08T12:31:33+00:00","dateModified":"2024-11-11T11:46:46+00:00","breadcrumb":{"@id":"https:\/\/www.socorrolira.com.br\/biografia\/#breadcrumb"},"inLanguage":"es-ES","potentialAction":[{"@type":"ReadAction","target":["https:\/\/www.socorrolira.com.br\/biografia\/"]}]},{"@type":"BreadcrumbList","@id":"https:\/\/www.socorrolira.com.br\/biografia\/#breadcrumb","itemListElement":[{"@type":"ListItem","position":1,"name":"In\u00edcio","item":"https:\/\/www.socorrolira.com.br\/"},{"@type":"ListItem","position":2,"name":"Biografia"}]},{"@type":"WebSite","@id":"https:\/\/www.socorrolira.com.br\/#website","url":"https:\/\/www.socorrolira.com.br\/","name":"Socorro Lira","description":"","publisher":{"@id":"https:\/\/www.socorrolira.com.br\/#\/schema\/person\/19594370e03ea5a44de8a65dbdfed8d1"},"potentialAction":[{"@type":"SearchAction","target":{"@type":"EntryPoint","urlTemplate":"https:\/\/www.socorrolira.com.br\/?s={search_term_string}"},"query-input":{"@type":"PropertyValueSpecification","valueRequired":true,"valueName":"search_term_string"}}],"inLanguage":"es-ES"},{"@type":["Person","Organization"],"@id":"https:\/\/www.socorrolira.com.br\/#\/schema\/person\/19594370e03ea5a44de8a65dbdfed8d1","name":"Socorro Lira","image":{"@type":"ImageObject","inLanguage":"es-ES","@id":"https:\/\/www.socorrolira.com.br\/#\/schema\/person\/image\/","url":"https:\/\/www.socorrolira.com.br\/wp-content\/uploads\/2021\/05\/BANNER-e1620241644572.png","contentUrl":"https:\/\/www.socorrolira.com.br\/wp-content\/uploads\/2021\/05\/BANNER-e1620241644572.png","width":575,"height":787,"caption":"Socorro Lira"},"logo":{"@id":"https:\/\/www.socorrolira.com.br\/#\/schema\/person\/image\/"}}]}},"_links":{"self":[{"href":"https:\/\/www.socorrolira.com.br\/es\/wp-json\/wp\/v2\/pages\/5","targetHints":{"allow":["GET"]}}],"collection":[{"href":"https:\/\/www.socorrolira.com.br\/es\/wp-json\/wp\/v2\/pages"}],"about":[{"href":"https:\/\/www.socorrolira.com.br\/es\/wp-json\/wp\/v2\/types\/page"}],"author":[{"embeddable":true,"href":"https:\/\/www.socorrolira.com.br\/es\/wp-json\/wp\/v2\/users\/2"}],"replies":[{"embeddable":true,"href":"https:\/\/www.socorrolira.com.br\/es\/wp-json\/wp\/v2\/comments?post=5"}],"version-history":[{"count":19,"href":"https:\/\/www.socorrolira.com.br\/es\/wp-json\/wp\/v2\/pages\/5\/revisions"}],"predecessor-version":[{"id":505,"href":"https:\/\/www.socorrolira.com.br\/es\/wp-json\/wp\/v2\/pages\/5\/revisions\/505"}],"wp:attachment":[{"href":"https:\/\/www.socorrolira.com.br\/es\/wp-json\/wp\/v2\/media?parent=5"}],"curies":[{"name":"wp","href":"https:\/\/api.w.org\/{rel}","templated":true}]}}