{"id":304,"date":"2023-02-04T20:12:18","date_gmt":"2023-02-04T23:12:18","guid":{"rendered":"https:\/\/www.socorrolira.com.br\/?page_id=304"},"modified":"2025-11-25T13:40:42","modified_gmt":"2025-11-25T16:40:42","slug":"liraprocult","status":"publish","type":"page","link":"https:\/\/www.socorrolira.com.br\/es\/liraprocult\/","title":{"rendered":"Liraprocult"},"content":{"rendered":"<p data-start=\"0\" data-end=\"178\"><strong data-start=\"0\" data-end=\"13\"><img loading=\"lazy\" decoding=\"async\" class=\"alignnone wp-image-490\" src=\"https:\/\/www.socorrolira.com.br\/wp-content\/uploads\/2024\/10\/logoAprovadoLira-300x114.jpg\" alt=\"\" width=\"171\" height=\"65\" srcset=\"https:\/\/www.socorrolira.com.br\/wp-content\/uploads\/2024\/10\/logoAprovadoLira-300x114.jpg 300w, https:\/\/www.socorrolira.com.br\/wp-content\/uploads\/2024\/10\/logoAprovadoLira-1024x388.jpg 1024w, https:\/\/www.socorrolira.com.br\/wp-content\/uploads\/2024\/10\/logoAprovadoLira-768x291.jpg 768w, https:\/\/www.socorrolira.com.br\/wp-content\/uploads\/2024\/10\/logoAprovadoLira-1536x581.jpg 1536w, https:\/\/www.socorrolira.com.br\/wp-content\/uploads\/2024\/10\/logoAprovadoLira.jpg 1725w\" sizes=\"auto, (max-width: 171px) 100vw, 171px\" \/><\/strong><\/p>\n<p>CURR\u00cdCULO<br data-start=\"13\" data-end=\"16\">Creada en 2008 por Socorro Lira, la empresa Liraprocult tiene su sede en la ciudad de S\u00e3o Paulo \u2013 SP, Brasil y act\u00faa en los sectores de m\u00fasica, literatura y cine.<\/p>\n<p data-start=\"180\" data-end=\"463\"><strong data-start=\"180\" data-end=\"200\">VENTANA SUR 2025<\/strong><br data-start=\"200\" data-end=\"203\">Para Ventana Sur en Buenos Aires, Liraprocult integra las delegaciones del programa NextFreme de SPCinena con Brazilian Content; y Crie Audiovisual, del Sebrae SP.<br data-start=\"366\" data-end=\"369\">Representada por la directora Socorro Lira, la productora presenta los siguientes proyectos:<\/p>\n<ul data-start=\"464\" data-end=\"737\">\n<li data-start=\"464\" data-end=\"558\">\n<p data-start=\"466\" data-end=\"558\"><em data-start=\"466\" data-end=\"500\">O Amor de Maria Firmina dos Reis<\/em> (largometraje de ficci\u00f3n), con enfoque en coproducci\u00f3n.<\/p>\n<\/li>\n<li data-start=\"559\" data-end=\"652\">\n<p data-start=\"561\" data-end=\"652\"><em data-start=\"561\" data-end=\"594\">Mar\u00eda Sabina, los Hongos y You<\/em> (largometraje documental), con enfoque en coproducci\u00f3n.<\/p>\n<\/li>\n<li data-start=\"653\" data-end=\"737\">\n<p data-start=\"655\" data-end=\"737\"><em data-start=\"655\" data-end=\"680\">V\u00eanus Visitou S\u00e3o Paulo<\/em> y <em data-start=\"683\" data-end=\"703\">En Nombre del Amor<\/em>, cortometrajes para distribuci\u00f3n.<\/p>\n<\/li>\n<\/ul>\n<p data-start=\"739\" data-end=\"1357\"><strong data-start=\"739\" data-end=\"768\">REALIZA\u00c7\u00c3O NO AUDIOVISUAL<\/strong><br data-start=\"768\" data-end=\"771\"><em data-start=\"771\" data-end=\"791\">En Nombre del Amor<\/em> (2025), cortometraje documental (10 min). Guion y codirecci\u00f3n: Socorro Lira, Mariana Pallas, Alexander Dieppa y Luciana Martins.<br data-start=\"911\" data-end=\"914\"><em data-start=\"914\" data-end=\"939\">V\u00eanus Visitou S\u00e3o Paulo<\/em> (2024), cortometraje de ficci\u00f3n (25 min). Producci\u00f3n y direcci\u00f3n: Socorro Lira.<br data-start=\"1019\" data-end=\"1022\"><em data-start=\"1022\" data-end=\"1048\">t\u00f4 esperando voc\u00ea voltar<\/em> (2022), cortometraje de ficci\u00f3n de la directora Marina Lavarini. Producci\u00f3n: Socorro Lira.<br data-start=\"1139\" data-end=\"1142\"><em data-start=\"1142\" data-end=\"1166\">Aqui tem coco \u2013 Um dia em<\/em> <em data-start=\"1169\" data-end=\"1190\">Caiana dos Crioulos<\/em> (2014), documental cortometraje (20 min). Guion, producci\u00f3n y direcci\u00f3n: Socorro Lira.<br data-start=\"1277\" data-end=\"1280\"><em data-start=\"1280\" data-end=\"1286\">Zefa<\/em> (2018), cortometraje documental. Producci\u00f3n y direcci\u00f3n: Socorro Lira.<\/p>\n<p data-start=\"1359\" data-end=\"3179\"><strong data-start=\"1359\" data-end=\"1393\">PRODU\u00c7\u00c3O NA \u00c1REA DISCOGR\u00c1FICA:<\/strong><br data-start=\"1393\" data-end=\"1396\">2025. Single <em data-start=\"1409\" data-end=\"1430\">dar a terra \u00e0 Terra<\/em>, Socorro Lira, Videoclip.<br data-start=\"1456\" data-end=\"1459\">2024. \u00c1lbum <em data-start=\"1471\" data-end=\"1487\">D\u00e1-me as Rosas<\/em>, la poes\u00eda de Carolina Maria de Jesus en la m\u00fasica de Socorro Lira (Proac 2023).<br data-start=\"1568\" data-end=\"1571\">2023. \u00c1lbum <em data-start=\"1583\" data-end=\"1591\" data-is-only-node=\"\">Dharma<\/em>, Socorro Lira (Proac LAB 2022).<br data-start=\"1623\" data-end=\"1626\">Single <em data-start=\"1633\" data-end=\"1646\">As Cigarras<\/em>, de Socorro Lira.<br data-start=\"1664\" data-end=\"1667\">2022. \u00c1lbum <em data-start=\"1679\" data-end=\"1688\">Noturno<\/em>, la poes\u00eda de Ruth Guimar\u00e3es en la m\u00fasica de Socorro Lira (Proac LAB 2021).<br data-start=\"1764\" data-end=\"1767\">2019. CD <em data-start=\"1776\" data-end=\"1783\">Chama<\/em>, de Socorro Lira.<br data-start=\"1801\" data-end=\"1804\">2019. CD <em data-start=\"1813\" data-end=\"1833\">Cantos \u00e0 Beira-mar<\/em>, la poes\u00eda de Maria Firmina dos Reis en la m\u00fasica de Socorro Lira.<br data-start=\"1900\" data-end=\"1903\">2018. CD-Libro <em data-start=\"1918\" data-end=\"1945\">A l\u00edngua que a gente fala<\/em>, de Socorro Lira.<br data-start=\"1963\" data-end=\"1966\">2014\u20132021. CDs Colet\u00e2nea Pr\u00eamio Gr\u00e3o de M\u00fasica.<br data-start=\"2013\" data-end=\"2016\">2015. DVD <em data-start=\"2026\" data-end=\"2059\">Amaz\u00f4nia Entre \u00c1guas e Desertos<\/em>, de Socorro Lira.<br data-start=\"2077\" data-end=\"2080\">2014. CD <em data-start=\"2089\" data-end=\"2122\">Amaz\u00f4nia Entre \u00c1guas e Desertos<\/em>, de Socorro Lira.<br data-start=\"2140\" data-end=\"2143\">2014. Creaci\u00f3n del Pr\u00eamio Gr\u00e3o de M\u00fasica \/ Evento Gr\u00e3o de Arroz 40 A\u00f1os (Salvador).<br data-start=\"2226\" data-end=\"2229\">2013. Producci\u00f3n del videoclip <em data-start=\"2260\" data-end=\"2277\">Poema Did\u00e1ctico<\/em>, de Socorro Lira.<br data-start=\"2295\" data-end=\"2298\">2012. Direcci\u00f3n art\u00edstica del CD <em data-start=\"2331\" data-end=\"2356\">O Samba do Rei do Bai\u00e3o<\/em>, de Socorro Lira y Oswaldinho do Acordeon.<br data-start=\"2399\" data-end=\"2402\">2012. CD <em data-start=\"2411\" data-end=\"2447\">Singelo tratado sobre a Delicadeza<\/em>, de Socorro Lira.<br data-start=\"2465\" data-end=\"2468\">2011. CD <em data-start=\"2477\" data-end=\"2489\">Lua Bonita<\/em>, de la obra del compositor paraibano Z\u00e9 do Norte.<br data-start=\"2539\" data-end=\"2542\">2010. CD Colet\u00e2nea <em data-start=\"2561\" data-end=\"2577\">Gr\u00e3o de M\u00fasica<\/em>.<br data-start=\"2578\" data-end=\"2581\">2010. CD <em data-start=\"2590\" data-end=\"2610\">Cores do Atl\u00e2ntico<\/em> (Ponte\u2026 Nas Ondas! Espa\u00f1a);<br data-start=\"2638\" data-end=\"2641\">CD <em data-start=\"2644\" data-end=\"2665\">Compositoras Vol. 1<\/em>.<br data-start=\"2666\" data-end=\"2669\">2009. CD <em data-start=\"2678\" data-end=\"2712\">No terreiro da Casa de M\u00e3e Joana<\/em>, de Socorro Lira.<br data-start=\"2730\" data-end=\"2733\">2007. CD <em data-start=\"2742\" data-end=\"2766\">As Liras Pedem Socorro<\/em>, de Socorro Lira.<br data-start=\"2784\" data-end=\"2787\">2007. CD <em data-start=\"2796\" data-end=\"2818\">Desencosta da Parede<\/em>, Caiana dos Crioulos PB.<br data-start=\"2843\" data-end=\"2846\">2006. CD <em data-start=\"2855\" data-end=\"2888\">Intersec\u00e7\u00e3o \u2013 A Linha e o Ponto<\/em> (Petrobras Cultural 04\u201305), Socorro Lira.<br data-start=\"2930\" data-end=\"2933\">2004. CD <em data-start=\"2942\" data-end=\"2959\">Pedra de Amolar<\/em>, de la obra in\u00e9dita en homenaje a Z\u00e9 Marcolino.<br data-start=\"3007\" data-end=\"3010\">2003. CD <em data-start=\"3019\" data-end=\"3043\">Cantigas de Bem-Querer<\/em>, de Socorro Lira.<br data-start=\"3061\" data-end=\"3064\">2003. CD <em data-start=\"3073\" data-end=\"3112\">Ciranda, Coco-de-Roda e Outros Cantos<\/em> (DP), Caiana dos Crioulos.<br data-start=\"3139\" data-end=\"3142\">2001. CD <em data-start=\"3151\" data-end=\"3161\">Cantigas<\/em>, de Socorro Lira.<\/p>\n<p data-start=\"3181\" data-end=\"3620\"><strong data-start=\"3181\" data-end=\"3227\">REPRESENTA\u00c7\u00c3O &#8211; ATIVIDADES DE SOCORRO LIRA<\/strong><br data-start=\"3227\" data-end=\"3230\">2008\u20132024. Representante exclusiva en todas las actividades de la artista Socorro Lira en Brasil y en el exterior, con la realizaci\u00f3n de giras nacionales e internacionales; producci\u00f3n y promoci\u00f3n del proyecto <em data-start=\"3439\" data-end=\"3459\">Cores do Atl\u00e2ntico<\/em> en Espa\u00f1a en 2010 y en Brasil en 2026, con CD indicado al Pr\u00eamio da M\u00fasica Brasileira en 2017.<br data-start=\"3554\" data-end=\"3557\">2014\u20132024. Representante exclusiva del <em data-start=\"3596\" data-end=\"3619\">Pr\u00eamio Gr\u00e3o de M\u00fasica<\/em>.<\/p>\n<p data-start=\"3622\" data-end=\"3807\"><strong data-start=\"3622\" data-end=\"3644\">PROJETOS ESPECIAIS<\/strong><br data-start=\"3644\" data-end=\"3647\">Realizaci\u00f3n del proyecto <em data-start=\"3672\" data-end=\"3682\">AvivaVOZ<\/em> de las escritoras Maria Val\u00e9ria Rezende y Susana Ventura y de la compositora, cantante, escritora y productora Socorro Lira.<\/p>\n<p data-start=\"3809\" data-end=\"4000\" data-is-last-node=\"\" data-is-only-node=\"\"><strong data-start=\"3809\" data-end=\"3834\">PROJETOS EM ANDAMENTO<\/strong><br data-start=\"3834\" data-end=\"3837\"><em data-start=\"3837\" data-end=\"3871\">O Amor de Maria Firmina dos Reis<\/em> &#8211; Proyecto de largometraje en desarrollo sobre Maria Firmina dos Reis.<br \/>\n<em data-start=\"561\" data-end=\"594\">Mar\u00eda Sabina, los Hongos y You &#8211;<\/em> (largometraje documental)<br data-start=\"3942\" data-end=\"3945\"><em data-start=\"3945\" data-end=\"3954\">Assobio<\/em> \u2013 Festival en la Naturaleza.<br data-start=\"3983\" data-end=\"3986\">\u00c1lbum <em data-start=\"3992\" data-end=\"3999\">Folia<\/em>.<\/p>\n<p id=\"tw-target-text\" class=\"tw-data-text tw-text-large tw-ta\" dir=\"ltr\" data-placeholder=\"Tradu\u00e7\u00e3o\"><span class=\"Y2IQFc\" lang=\"en\">&nbsp;<\/span><\/p>\n","protected":false},"excerpt":{"rendered":"<p>CURR\u00cdCULOCreada en 2008 por Socorro Lira, la empresa Liraprocult tiene su sede en la ciudad de S\u00e3o Paulo \u2013 SP, Brasil y act\u00faa en los sectores de m\u00fasica, literatura y cine. VENTANA SUR 2025Para Ventana Sur en Buenos Aires, Liraprocult integra las delegaciones del programa NextFreme de SPCinena con Brazilian Content; y Crie Audiovisual, del [&hellip;]<\/p>\n","protected":false},"author":2,"featured_media":0,"parent":0,"menu_order":0,"comment_status":"closed","ping_status":"closed","template":"page-biografia.php","meta":{"ngg_post_thumbnail":0,"footnotes":""},"class_list":["post-304","page","type-page","status-publish","hentry"],"yoast_head":"<!-- This site is optimized with the Yoast SEO plugin v26.9 - https:\/\/yoast.com\/product\/yoast-seo-wordpress\/ -->\n<title>Liraprocult - Socorro Lira<\/title>\n<meta name=\"robots\" content=\"index, follow, max-snippet:-1, max-image-preview:large, max-video-preview:-1\" \/>\n<link rel=\"canonical\" href=\"https:\/\/www.socorrolira.com.br\/es\/liraprocult\/\" \/>\n<meta property=\"og:locale\" content=\"es_ES\" \/>\n<meta property=\"og:locale:alternate\" content=\"en_US\" \/>\n<meta property=\"og:locale:alternate\" content=\"pt_BR\" \/>\n<meta property=\"og:type\" content=\"article\" \/>\n<meta property=\"og:title\" content=\"Liraprocult\" \/>\n<meta property=\"og:description\" content=\"CURR\u00cdCULOCreada en 2008 por Socorro Lira, la empresa Liraprocult tiene su sede en la ciudad de S\u00e3o Paulo \u2013 SP, Brasil y act\u00faa en los sectores de m\u00fasica, literatura y cine. VENTANA SUR 2025Para Ventana Sur en Buenos Aires, Liraprocult integra las delegaciones del programa NextFreme de SPCinena con Brazilian Content; y Crie Audiovisual, del [&hellip;]\" \/>\n<meta property=\"og:url\" content=\"https:\/\/www.socorrolira.com.br\/es\/liraprocult\/\" \/>\n<meta property=\"og:site_name\" content=\"Socorro Lira\" \/>\n<meta property=\"article:modified_time\" content=\"2025-11-25T16:40:42+00:00\" \/>\n<meta property=\"og:image\" content=\"https:\/\/www.socorrolira.com.br\/wp-content\/uploads\/2024\/10\/logoAprovadoLira.jpg\" \/>\n\t<meta property=\"og:image:width\" content=\"1725\" \/>\n\t<meta property=\"og:image:height\" content=\"653\" \/>\n\t<meta property=\"og:image:type\" content=\"image\/jpeg\" \/>\n<meta name=\"twitter:card\" content=\"summary_large_image\" \/>\n<meta name=\"twitter:label1\" content=\"Tiempo de lectura\" \/>\n\t<meta name=\"twitter:data1\" content=\"6 minutos\" \/>\n<script type=\"application\/ld+json\" class=\"yoast-schema-graph\">{\"@context\":\"https:\/\/schema.org\",\"@graph\":[{\"@type\":\"WebPage\",\"@id\":\"https:\/\/www.socorrolira.com.br\/en\/liraprocult\/\",\"url\":\"https:\/\/www.socorrolira.com.br\/en\/liraprocult\/\",\"name\":\"Liraprocult\",\"isPartOf\":{\"@id\":\"https:\/\/www.socorrolira.com.br\/#website\"},\"primaryImageOfPage\":{\"@id\":\"https:\/\/www.socorrolira.com.br\/en\/liraprocult\/#primaryimage\"},\"image\":{\"@id\":\"https:\/\/www.socorrolira.com.br\/en\/liraprocult\/#primaryimage\"},\"thumbnailUrl\":\"https:\/\/www.socorrolira.com.br\/wp-content\/uploads\/2024\/10\/logoAprovadoLira-300x114.jpg\",\"datePublished\":\"2023-02-04T23:12:18+00:00\",\"dateModified\":\"2025-11-25T16:40:42+00:00\",\"breadcrumb\":{\"@id\":\"https:\/\/www.socorrolira.com.br\/en\/liraprocult\/#breadcrumb\"},\"inLanguage\":\"es-ES\",\"potentialAction\":[{\"@type\":\"ReadAction\",\"target\":[\"https:\/\/www.socorrolira.com.br\/en\/liraprocult\/\"]}]},{\"@type\":\"ImageObject\",\"inLanguage\":\"es-ES\",\"@id\":\"https:\/\/www.socorrolira.com.br\/en\/liraprocult\/#primaryimage\",\"url\":\"https:\/\/www.socorrolira.com.br\/wp-content\/uploads\/2024\/10\/logoAprovadoLira-300x114.jpg\",\"contentUrl\":\"https:\/\/www.socorrolira.com.br\/wp-content\/uploads\/2024\/10\/logoAprovadoLira-300x114.jpg\"},{\"@type\":\"BreadcrumbList\",\"@id\":\"https:\/\/www.socorrolira.com.br\/en\/liraprocult\/#breadcrumb\",\"itemListElement\":[{\"@type\":\"ListItem\",\"position\":1,\"name\":\"In\u00edcio\",\"item\":\"https:\/\/www.socorrolira.com.br\/\"},{\"@type\":\"ListItem\",\"position\":2,\"name\":\"Liraprocult\"}]},{\"@type\":\"WebSite\",\"@id\":\"https:\/\/www.socorrolira.com.br\/#website\",\"url\":\"https:\/\/www.socorrolira.com.br\/\",\"name\":\"Socorro Lira\",\"description\":\"\",\"publisher\":{\"@id\":\"https:\/\/www.socorrolira.com.br\/#\/schema\/person\/19594370e03ea5a44de8a65dbdfed8d1\"},\"potentialAction\":[{\"@type\":\"SearchAction\",\"target\":{\"@type\":\"EntryPoint\",\"urlTemplate\":\"https:\/\/www.socorrolira.com.br\/?s={search_term_string}\"},\"query-input\":{\"@type\":\"PropertyValueSpecification\",\"valueRequired\":true,\"valueName\":\"search_term_string\"}}],\"inLanguage\":\"es-ES\"},{\"@type\":[\"Person\",\"Organization\"],\"@id\":\"https:\/\/www.socorrolira.com.br\/#\/schema\/person\/19594370e03ea5a44de8a65dbdfed8d1\",\"name\":\"Socorro Lira\",\"image\":{\"@type\":\"ImageObject\",\"inLanguage\":\"es-ES\",\"@id\":\"https:\/\/www.socorrolira.com.br\/#\/schema\/person\/image\/\",\"url\":\"https:\/\/www.socorrolira.com.br\/wp-content\/uploads\/2021\/05\/BANNER-e1620241644572.png\",\"contentUrl\":\"https:\/\/www.socorrolira.com.br\/wp-content\/uploads\/2021\/05\/BANNER-e1620241644572.png\",\"width\":575,\"height\":787,\"caption\":\"Socorro Lira\"},\"logo\":{\"@id\":\"https:\/\/www.socorrolira.com.br\/#\/schema\/person\/image\/\"}}]}<\/script>\n<!-- \/ Yoast SEO plugin. -->","yoast_head_json":{"title":"Liraprocult - Socorro Lira","robots":{"index":"index","follow":"follow","max-snippet":"max-snippet:-1","max-image-preview":"max-image-preview:large","max-video-preview":"max-video-preview:-1"},"canonical":"https:\/\/www.socorrolira.com.br\/es\/liraprocult\/","og_locale":"es_ES","og_type":"article","og_title":"[:en]Liraprocult[:pt]Liraprocult[:es]Liraprocult[:] - Socorro Lira","og_description":"CURR\u00cdCULOCreada en 2008 por Socorro Lira, la empresa Liraprocult tiene su sede en la ciudad de S\u00e3o Paulo \u2013 SP, Brasil y act\u00faa en los sectores de m\u00fasica, literatura y cine. VENTANA SUR 2025Para Ventana Sur en Buenos Aires, Liraprocult integra las delegaciones del programa NextFreme de SPCinena con Brazilian Content; y Crie Audiovisual, del [&hellip;]","og_url":"https:\/\/www.socorrolira.com.br\/es\/liraprocult\/","og_site_name":"Socorro Lira","article_modified_time":"2025-11-25T16:40:42+00:00","og_image":[{"width":1725,"height":653,"url":"https:\/\/www.socorrolira.com.br\/wp-content\/uploads\/2024\/10\/logoAprovadoLira.jpg","type":"image\/jpeg"}],"twitter_card":"summary_large_image","twitter_misc":{"Tiempo de lectura":"6 minutos"},"schema":{"@context":"https:\/\/schema.org","@graph":[{"@type":"WebPage","@id":"https:\/\/www.socorrolira.com.br\/en\/liraprocult\/","url":"https:\/\/www.socorrolira.com.br\/en\/liraprocult\/","name":"Liraprocult","isPartOf":{"@id":"https:\/\/www.socorrolira.com.br\/#website"},"primaryImageOfPage":{"@id":"https:\/\/www.socorrolira.com.br\/en\/liraprocult\/#primaryimage"},"image":{"@id":"https:\/\/www.socorrolira.com.br\/en\/liraprocult\/#primaryimage"},"thumbnailUrl":"https:\/\/www.socorrolira.com.br\/wp-content\/uploads\/2024\/10\/logoAprovadoLira-300x114.jpg","datePublished":"2023-02-04T23:12:18+00:00","dateModified":"2025-11-25T16:40:42+00:00","breadcrumb":{"@id":"https:\/\/www.socorrolira.com.br\/en\/liraprocult\/#breadcrumb"},"inLanguage":"es-ES","potentialAction":[{"@type":"ReadAction","target":["https:\/\/www.socorrolira.com.br\/en\/liraprocult\/"]}]},{"@type":"ImageObject","inLanguage":"es-ES","@id":"https:\/\/www.socorrolira.com.br\/en\/liraprocult\/#primaryimage","url":"https:\/\/www.socorrolira.com.br\/wp-content\/uploads\/2024\/10\/logoAprovadoLira-300x114.jpg","contentUrl":"https:\/\/www.socorrolira.com.br\/wp-content\/uploads\/2024\/10\/logoAprovadoLira-300x114.jpg"},{"@type":"BreadcrumbList","@id":"https:\/\/www.socorrolira.com.br\/en\/liraprocult\/#breadcrumb","itemListElement":[{"@type":"ListItem","position":1,"name":"In\u00edcio","item":"https:\/\/www.socorrolira.com.br\/"},{"@type":"ListItem","position":2,"name":"Liraprocult"}]},{"@type":"WebSite","@id":"https:\/\/www.socorrolira.com.br\/#website","url":"https:\/\/www.socorrolira.com.br\/","name":"Socorro Lira","description":"","publisher":{"@id":"https:\/\/www.socorrolira.com.br\/#\/schema\/person\/19594370e03ea5a44de8a65dbdfed8d1"},"potentialAction":[{"@type":"SearchAction","target":{"@type":"EntryPoint","urlTemplate":"https:\/\/www.socorrolira.com.br\/?s={search_term_string}"},"query-input":{"@type":"PropertyValueSpecification","valueRequired":true,"valueName":"search_term_string"}}],"inLanguage":"es-ES"},{"@type":["Person","Organization"],"@id":"https:\/\/www.socorrolira.com.br\/#\/schema\/person\/19594370e03ea5a44de8a65dbdfed8d1","name":"Socorro Lira","image":{"@type":"ImageObject","inLanguage":"es-ES","@id":"https:\/\/www.socorrolira.com.br\/#\/schema\/person\/image\/","url":"https:\/\/www.socorrolira.com.br\/wp-content\/uploads\/2021\/05\/BANNER-e1620241644572.png","contentUrl":"https:\/\/www.socorrolira.com.br\/wp-content\/uploads\/2021\/05\/BANNER-e1620241644572.png","width":575,"height":787,"caption":"Socorro Lira"},"logo":{"@id":"https:\/\/www.socorrolira.com.br\/#\/schema\/person\/image\/"}}]}},"_links":{"self":[{"href":"https:\/\/www.socorrolira.com.br\/es\/wp-json\/wp\/v2\/pages\/304","targetHints":{"allow":["GET"]}}],"collection":[{"href":"https:\/\/www.socorrolira.com.br\/es\/wp-json\/wp\/v2\/pages"}],"about":[{"href":"https:\/\/www.socorrolira.com.br\/es\/wp-json\/wp\/v2\/types\/page"}],"author":[{"embeddable":true,"href":"https:\/\/www.socorrolira.com.br\/es\/wp-json\/wp\/v2\/users\/2"}],"replies":[{"embeddable":true,"href":"https:\/\/www.socorrolira.com.br\/es\/wp-json\/wp\/v2\/comments?post=304"}],"version-history":[{"count":50,"href":"https:\/\/www.socorrolira.com.br\/es\/wp-json\/wp\/v2\/pages\/304\/revisions"}],"predecessor-version":[{"id":662,"href":"https:\/\/www.socorrolira.com.br\/es\/wp-json\/wp\/v2\/pages\/304\/revisions\/662"}],"wp:attachment":[{"href":"https:\/\/www.socorrolira.com.br\/es\/wp-json\/wp\/v2\/media?parent=304"}],"curies":[{"name":"wp","href":"https:\/\/api.w.org\/{rel}","templated":true}]}}