{"id":179,"date":"2023-02-01T08:54:23","date_gmt":"2023-02-01T11:54:23","guid":{"rendered":"https:\/\/www.socorrolira.com.br\/?page_id=179"},"modified":"2026-03-05T08:24:57","modified_gmt":"2026-03-05T11:24:57","slug":"calendario","status":"publish","type":"page","link":"https:\/\/www.socorrolira.com.br\/es\/calendario\/","title":{"rendered":"cronograma"},"content":{"rendered":"<p><span style=\"color: #000000;\"><strong>ANO 2025<\/strong><\/span><\/p>\n<p><span style=\"color: #3366ff;\"><strong>JANEIRO<br \/>\n<\/strong><strong><span style=\"color: #000000;\">31\/0<\/span><span style=\"color: #000000;\">1<\/span><span style=\"color: #000000;\"> (20h)<\/span><\/strong> <span style=\"color: #000000;\">&#8211; Livraria Mantiqueira, Santo Ant\u00f4nio do Pinhal &#8211; SP. Show Meu Of\u00edcio 25 Anos no Projeto M\u00fasica na Mantiqueira<br \/>\n<\/span><\/span><\/p>\n<p><span style=\"color: #3366ff;\"><strong>FEVEREIRO<br \/>\n<\/strong><strong><span style=\"color: #000000;\">01\/02 <\/span><\/strong><span style=\"color: #000000;\">&#8211; Casar\u00e3o da Mem\u00f3ria, S\u00e3o Bento do Sapuca\u00ed &#8211; SP. Show Meu Of\u00edcio 25 Anos&nbsp; na Mostra C\u00farcuma<br \/>\n<\/span><\/span><\/p>\n<p><strong><span style=\"color: #3366ff;\">MAR\u00c7O<\/span><br \/>\n<span style=\"color: #000000;\">14\/03 (20h) <\/span><\/strong><span style=\"color: #000000;\">&#8211; Audit\u00f3rio Sesc Pinheiros, S\u00e3o Paulo &#8211; SP. Show D\u00e1-me as Rosas<br \/>\n<\/span><span style=\"color: #000000;\"><strong>16\/03 (18h) <\/strong>&#8211; Casa Pluri Est\u00fadios, S\u00e3o Paulo &#8211; SP.&nbsp; Participa\u00e7\u00e3o no Projeto Arte Solid\u00e1ria com La\u00eds Gomes<br \/>\n<strong>22\/03 <\/strong>&#8211; Sesc Taubat\u00e9, Taubat\u00e9 SP. Show D\u00e1-me as Rosas<br \/>\n<strong>29\/03 (18h) <\/strong>&#8211; P\u00e1tio B Museu da L\u00edngua Portuguesa S\u00e3o Paulo- SP. Sarau Falares Brasileiros, com Luiza Rom\u00e3o<br \/>\n<\/span><\/p>\n<p><strong><span style=\"color: #3366ff;\">ABRIL<\/span><br \/>\n<span style=\"color: #000000;\">05\/04 <\/span><\/strong><span style=\"color: #000000;\">&#8211; Show Meu Of\u00edcio 25 Anos, Vit\u00f3ria da Conquista &#8211; BA.<br \/>\n<strong>12\/04 <\/strong>&#8211; Usina de Artes Jo\u00e3o Donato, Rio Branco &#8211; AC. Show Meu Of\u00edcio 25 Anos<br \/>\n<\/span><\/p>\n<p><strong><span style=\"color: #3366ff;\">MAIO<\/span><br \/>\n<span style=\"color: #000000;\">08\/04 <\/span><\/strong><span style=\"color: #000000;\">&#8211; CCBNB Juazeiro do Norte (CE) &#8211; Turn\u00ea Nordeste &#8211; Show Meu Of\u00edcio 25 Anos. Part. Jorge Ribbas<br \/>\n<strong>09\/04 <\/strong>&#8211; CCBNB Sousa (PB) &#8211; Turn\u00ea Nordeste &#8211; Show Meu Of\u00edcio 25 Anos. Part. Jorge Ribbas<br \/>\n<strong>10\/04 <\/strong>&#8211; CCBNB Mossor\u00f3 (RN) &#8211; Turn\u00ea Nordeste &#8211; Show Meu Of\u00edcio 25 Anos. Part. Jorge Ribbas<br \/>\n<strong>16\/04 <\/strong>&#8211; Musidom Espa\u00e7o de Arte, Campina Grande (PB) &#8211; Turn\u00ea Nordeste &#8211; Show Meu Of\u00edcio 25 Anos, Socorro Lira e Jorge Ribbas.<br \/>\n<strong>17\/04 <\/strong>&#8211; Caiana dos Crioulos&nbsp; (RN) &#8211; Show Meu Of\u00edcio 25 Ano. Part. Jorge Ribbas <\/span><\/p>\n<p><span style=\"color: #326e99;\"><strong><span style=\"color: #3366ff;\">JUNHO<\/span><\/strong><\/span><span style=\"color: #000000;\"><strong><br \/>\n<\/strong><\/span><span style=\"color: #000000;\"><strong>26-29\/06 <\/strong>&#8211; Pr\u00eamio Profissionais de M\u00fasica em Bras\u00edlia <\/span><span style=\"color: #326e99;\"><strong><br \/>\n<\/strong><\/span><strong>27\/06 <\/strong>&#8211; Show em Bras\u00edlia. Com Sandra Duailibe e Antenor Bog\u00e9a &nbsp; <span style=\"color: #326e99;\"><strong><br \/>\n<\/strong><\/span><strong>29\/06 <\/strong>&#8211; Show Meu Of\u00edcio 25 Anos&nbsp;<\/p>\n<p><strong><span style=\"color: #3366ff;\">JULHO<\/span><br \/>\n<\/strong><strong>04\/07<\/strong> &#8211; Casa de Alzira, Recife (PE) &#8211; Show Meu Of\u00edcio 25 Anos. COm Gonzaga Leal<strong><br \/>\n<\/strong><strong>18-20\/07<\/strong> &#8211; Espa\u00e7o Mata Branca, Brejo do Cruz (PB) &#8211; Cap\u00f4ra 2025 <strong><br \/>\n<\/strong><\/p>\n<p><strong><span style=\"color: #3366ff;\">AGOSTO<\/span><br \/>\n06\/08<\/strong> &#8211; S\u00e3o Paulo &#8211; participa\u00e7\u00e3o no show de La\u00eds Gomes&nbsp;<strong><br \/>\n<\/strong><strong>15\/08<\/strong> &#8211; Casa de Francisca, S\u00e3o Paulo (SP) &#8211; Show Atemporais (Socorro Lira, Consuelo de Paula, Katia Teixeira e Dani Las\u00e1lvia. Pert. Ricardo Vignini)<br \/>\n<strong>29\/08<\/strong> &#8211; Sesc Santo Andr\u00e9 (SP) &#8211; Show D\u00e1-me as Rosas&nbsp;<\/p>\n<p><strong><span style=\"color: #3366ff;\">SETEMBRO<br \/>\n<\/span><\/strong>Agenda interna&nbsp;<\/p>\n<p><strong><span style=\"color: #3366ff;\">OUTUBRO<\/span><br \/>\n<\/strong><strong>04-25\/10<\/strong> &#8211; Taller de Cine documental na EICTV, Cuba.&nbsp;<br \/>\n<strong>31\/10 <\/strong>&#8211; Casa Odette &#8211; S\u00e3o Paulo (SP). Show de N\u00f3s 4 com La\u00eds Gomes, Lari Finochiaro, Samira Chamma e Socorro Lira. Part. Jo\u00e3o Vasconcelos.&nbsp;<\/p>\n<p><strong><span style=\"color: #3366ff;\">NOVEMBRO<\/span><br \/>\n<\/strong><strong>27\/11 <\/strong>&#8211; Teatro Parlapat\u00f5es, S\u00e3o Paulo (SP). Tukum Convida Socorro Lira<br \/>\nAgenda interna<\/p>\n<p><strong>DEZEMBRO<br \/>\n<\/strong><strong>01-05\/12<\/strong> &#8211; Buenos Aires, Argentina. Ventana Sur<br \/>\n<strong>12\/12 (19h)<\/strong> &#8211; Gr\u00e3o Pituba, Salvador (BA). Show Meu Of\u00edcio<br \/>\n<strong>13\/12 (19h)<\/strong> -Cidade da Cultura, Feira de Santana (BA). Show Meu Of\u00edcio<br \/>\n[&#8230;]<\/p>\n","protected":false},"excerpt":{"rendered":"<p>ANO 2025 JANEIRO 31\/01 (20h) &#8211; Livraria Mantiqueira, Santo Ant\u00f4nio do Pinhal &#8211; SP. Show Meu Of\u00edcio 25 Anos no Projeto M\u00fasica na Mantiqueira FEVEREIRO 01\/02 &#8211; Casar\u00e3o da Mem\u00f3ria, S\u00e3o Bento do Sapuca\u00ed &#8211; SP. Show Meu Of\u00edcio 25 Anos&nbsp; na Mostra C\u00farcuma MAR\u00c7O 14\/03 (20h) &#8211; Audit\u00f3rio Sesc Pinheiros, S\u00e3o Paulo &#8211; SP. [&hellip;]<\/p>\n","protected":false},"author":2,"featured_media":0,"parent":0,"menu_order":0,"comment_status":"closed","ping_status":"closed","template":"page-agenda.php","meta":{"ngg_post_thumbnail":0,"footnotes":""},"class_list":["post-179","page","type-page","status-publish","hentry"],"yoast_head":"<!-- This site is optimized with the Yoast SEO plugin v26.9 - https:\/\/yoast.com\/product\/yoast-seo-wordpress\/ -->\n<title>cronograma - Socorro Lira<\/title>\n<meta name=\"robots\" content=\"index, follow, max-snippet:-1, max-image-preview:large, max-video-preview:-1\" \/>\n<link rel=\"canonical\" href=\"https:\/\/www.socorrolira.com.br\/es\/calendario\/\" \/>\n<meta property=\"og:locale\" content=\"es_ES\" \/>\n<meta property=\"og:locale:alternate\" content=\"en_US\" \/>\n<meta property=\"og:locale:alternate\" content=\"pt_BR\" \/>\n<meta property=\"og:type\" content=\"article\" \/>\n<meta property=\"og:title\" content=\"cronograma\" \/>\n<meta property=\"og:description\" content=\"ANO 2025 JANEIRO 31\/01 (20h) &#8211; Livraria Mantiqueira, Santo Ant\u00f4nio do Pinhal &#8211; SP. Show Meu Of\u00edcio 25 Anos no Projeto M\u00fasica na Mantiqueira FEVEREIRO 01\/02 &#8211; Casar\u00e3o da Mem\u00f3ria, S\u00e3o Bento do Sapuca\u00ed &#8211; SP. Show Meu Of\u00edcio 25 Anos&nbsp; na Mostra C\u00farcuma MAR\u00c7O 14\/03 (20h) &#8211; Audit\u00f3rio Sesc Pinheiros, S\u00e3o Paulo &#8211; SP. [&hellip;]\" \/>\n<meta property=\"og:url\" content=\"https:\/\/www.socorrolira.com.br\/es\/calendario\/\" \/>\n<meta property=\"og:site_name\" content=\"Socorro Lira\" \/>\n<meta property=\"article:modified_time\" content=\"2026-03-05T11:24:57+00:00\" \/>\n<meta property=\"og:image\" content=\"https:\/\/www.socorrolira.com.br\/wp-content\/uploads\/2021\/05\/BANNER-e1620241644572.png\" \/>\n\t<meta property=\"og:image:width\" content=\"575\" \/>\n\t<meta property=\"og:image:height\" content=\"787\" \/>\n\t<meta property=\"og:image:type\" content=\"image\/png\" \/>\n<meta name=\"twitter:card\" content=\"summary_large_image\" \/>\n<meta name=\"twitter:label1\" content=\"Tiempo de lectura\" \/>\n\t<meta name=\"twitter:data1\" content=\"1 minuto\" \/>\n<script type=\"application\/ld+json\" class=\"yoast-schema-graph\">{\"@context\":\"https:\/\/schema.org\",\"@graph\":[{\"@type\":\"WebPage\",\"@id\":\"https:\/\/www.socorrolira.com.br\/calendario\/\",\"url\":\"https:\/\/www.socorrolira.com.br\/calendario\/\",\"name\":\"cronograma\",\"isPartOf\":{\"@id\":\"https:\/\/www.socorrolira.com.br\/#website\"},\"datePublished\":\"2023-02-01T11:54:23+00:00\",\"dateModified\":\"2026-03-05T11:24:57+00:00\",\"breadcrumb\":{\"@id\":\"https:\/\/www.socorrolira.com.br\/calendario\/#breadcrumb\"},\"inLanguage\":\"es-ES\",\"potentialAction\":[{\"@type\":\"ReadAction\",\"target\":[\"https:\/\/www.socorrolira.com.br\/calendario\/\"]}]},{\"@type\":\"BreadcrumbList\",\"@id\":\"https:\/\/www.socorrolira.com.br\/calendario\/#breadcrumb\",\"itemListElement\":[{\"@type\":\"ListItem\",\"position\":1,\"name\":\"In\u00edcio\",\"item\":\"https:\/\/www.socorrolira.com.br\/\"},{\"@type\":\"ListItem\",\"position\":2,\"name\":\"Agenda\"}]},{\"@type\":\"WebSite\",\"@id\":\"https:\/\/www.socorrolira.com.br\/#website\",\"url\":\"https:\/\/www.socorrolira.com.br\/\",\"name\":\"Socorro Lira\",\"description\":\"\",\"publisher\":{\"@id\":\"https:\/\/www.socorrolira.com.br\/#\/schema\/person\/19594370e03ea5a44de8a65dbdfed8d1\"},\"potentialAction\":[{\"@type\":\"SearchAction\",\"target\":{\"@type\":\"EntryPoint\",\"urlTemplate\":\"https:\/\/www.socorrolira.com.br\/?s={search_term_string}\"},\"query-input\":{\"@type\":\"PropertyValueSpecification\",\"valueRequired\":true,\"valueName\":\"search_term_string\"}}],\"inLanguage\":\"es-ES\"},{\"@type\":[\"Person\",\"Organization\"],\"@id\":\"https:\/\/www.socorrolira.com.br\/#\/schema\/person\/19594370e03ea5a44de8a65dbdfed8d1\",\"name\":\"Socorro Lira\",\"image\":{\"@type\":\"ImageObject\",\"inLanguage\":\"es-ES\",\"@id\":\"https:\/\/www.socorrolira.com.br\/#\/schema\/person\/image\/\",\"url\":\"https:\/\/www.socorrolira.com.br\/wp-content\/uploads\/2021\/05\/BANNER-e1620241644572.png\",\"contentUrl\":\"https:\/\/www.socorrolira.com.br\/wp-content\/uploads\/2021\/05\/BANNER-e1620241644572.png\",\"width\":575,\"height\":787,\"caption\":\"Socorro Lira\"},\"logo\":{\"@id\":\"https:\/\/www.socorrolira.com.br\/#\/schema\/person\/image\/\"}}]}<\/script>\n<!-- \/ Yoast SEO plugin. -->","yoast_head_json":{"title":"cronograma - Socorro Lira","robots":{"index":"index","follow":"follow","max-snippet":"max-snippet:-1","max-image-preview":"max-image-preview:large","max-video-preview":"max-video-preview:-1"},"canonical":"https:\/\/www.socorrolira.com.br\/es\/calendario\/","og_locale":"es_ES","og_type":"article","og_title":"[:en]schedule[:pt]Agenda[:es]cronograma[:] - Socorro Lira","og_description":"ANO 2025 JANEIRO 31\/01 (20h) &#8211; Livraria Mantiqueira, Santo Ant\u00f4nio do Pinhal &#8211; SP. Show Meu Of\u00edcio 25 Anos no Projeto M\u00fasica na Mantiqueira FEVEREIRO 01\/02 &#8211; Casar\u00e3o da Mem\u00f3ria, S\u00e3o Bento do Sapuca\u00ed &#8211; SP. Show Meu Of\u00edcio 25 Anos&nbsp; na Mostra C\u00farcuma MAR\u00c7O 14\/03 (20h) &#8211; Audit\u00f3rio Sesc Pinheiros, S\u00e3o Paulo &#8211; SP. [&hellip;]","og_url":"https:\/\/www.socorrolira.com.br\/es\/calendario\/","og_site_name":"Socorro Lira","article_modified_time":"2026-03-05T11:24:57+00:00","og_image":[{"width":575,"height":787,"url":"https:\/\/www.socorrolira.com.br\/wp-content\/uploads\/2021\/05\/BANNER-e1620241644572.png","type":"image\/png"}],"twitter_card":"summary_large_image","twitter_misc":{"Tiempo de lectura":"1 minuto"},"schema":{"@context":"https:\/\/schema.org","@graph":[{"@type":"WebPage","@id":"https:\/\/www.socorrolira.com.br\/calendario\/","url":"https:\/\/www.socorrolira.com.br\/calendario\/","name":"cronograma","isPartOf":{"@id":"https:\/\/www.socorrolira.com.br\/#website"},"datePublished":"2023-02-01T11:54:23+00:00","dateModified":"2026-03-05T11:24:57+00:00","breadcrumb":{"@id":"https:\/\/www.socorrolira.com.br\/calendario\/#breadcrumb"},"inLanguage":"es-ES","potentialAction":[{"@type":"ReadAction","target":["https:\/\/www.socorrolira.com.br\/calendario\/"]}]},{"@type":"BreadcrumbList","@id":"https:\/\/www.socorrolira.com.br\/calendario\/#breadcrumb","itemListElement":[{"@type":"ListItem","position":1,"name":"In\u00edcio","item":"https:\/\/www.socorrolira.com.br\/"},{"@type":"ListItem","position":2,"name":"Agenda"}]},{"@type":"WebSite","@id":"https:\/\/www.socorrolira.com.br\/#website","url":"https:\/\/www.socorrolira.com.br\/","name":"Socorro Lira","description":"","publisher":{"@id":"https:\/\/www.socorrolira.com.br\/#\/schema\/person\/19594370e03ea5a44de8a65dbdfed8d1"},"potentialAction":[{"@type":"SearchAction","target":{"@type":"EntryPoint","urlTemplate":"https:\/\/www.socorrolira.com.br\/?s={search_term_string}"},"query-input":{"@type":"PropertyValueSpecification","valueRequired":true,"valueName":"search_term_string"}}],"inLanguage":"es-ES"},{"@type":["Person","Organization"],"@id":"https:\/\/www.socorrolira.com.br\/#\/schema\/person\/19594370e03ea5a44de8a65dbdfed8d1","name":"Socorro Lira","image":{"@type":"ImageObject","inLanguage":"es-ES","@id":"https:\/\/www.socorrolira.com.br\/#\/schema\/person\/image\/","url":"https:\/\/www.socorrolira.com.br\/wp-content\/uploads\/2021\/05\/BANNER-e1620241644572.png","contentUrl":"https:\/\/www.socorrolira.com.br\/wp-content\/uploads\/2021\/05\/BANNER-e1620241644572.png","width":575,"height":787,"caption":"Socorro Lira"},"logo":{"@id":"https:\/\/www.socorrolira.com.br\/#\/schema\/person\/image\/"}}]}},"_links":{"self":[{"href":"https:\/\/www.socorrolira.com.br\/es\/wp-json\/wp\/v2\/pages\/179","targetHints":{"allow":["GET"]}}],"collection":[{"href":"https:\/\/www.socorrolira.com.br\/es\/wp-json\/wp\/v2\/pages"}],"about":[{"href":"https:\/\/www.socorrolira.com.br\/es\/wp-json\/wp\/v2\/types\/page"}],"author":[{"embeddable":true,"href":"https:\/\/www.socorrolira.com.br\/es\/wp-json\/wp\/v2\/users\/2"}],"replies":[{"embeddable":true,"href":"https:\/\/www.socorrolira.com.br\/es\/wp-json\/wp\/v2\/comments?post=179"}],"version-history":[{"count":175,"href":"https:\/\/www.socorrolira.com.br\/es\/wp-json\/wp\/v2\/pages\/179\/revisions"}],"predecessor-version":[{"id":685,"href":"https:\/\/www.socorrolira.com.br\/es\/wp-json\/wp\/v2\/pages\/179\/revisions\/685"}],"wp:attachment":[{"href":"https:\/\/www.socorrolira.com.br\/es\/wp-json\/wp\/v2\/media?parent=179"}],"curies":[{"name":"wp","href":"https:\/\/api.w.org\/{rel}","templated":true}]}}