{"id":172,"date":"2023-02-01T06:56:10","date_gmt":"2023-02-01T09:56:10","guid":{"rendered":"https:\/\/www.socorrolira.com.br\/?page_id=172"},"modified":"2023-02-07T03:13:31","modified_gmt":"2023-02-07T06:13:31","slug":"livros","status":"publish","type":"page","link":"https:\/\/www.socorrolira.com.br\/es\/livros\/","title":{"rendered":"Libros"},"content":{"rendered":"<p><strong>2023 &#8211; FALAR DOS MEUS AMORES INVIS\u00cdVEIS<br \/>\n<img loading=\"lazy\" decoding=\"async\" class=\"alignnone size-medium wp-image-271\" src=\"https:\/\/www.socorrolira.com.br\/wp-content\/uploads\/2023\/02\/amores-194x300.png\" alt=\"\" width=\"194\" height=\"300\" srcset=\"https:\/\/www.socorrolira.com.br\/wp-content\/uploads\/2023\/02\/amores-194x300.png 194w, https:\/\/www.socorrolira.com.br\/wp-content\/uploads\/2023\/02\/amores-664x1024.png 664w, https:\/\/www.socorrolira.com.br\/wp-content\/uploads\/2023\/02\/amores-768x1185.png 768w, https:\/\/www.socorrolira.com.br\/wp-content\/uploads\/2023\/02\/amores-995x1536.png 995w, https:\/\/www.socorrolira.com.br\/wp-content\/uploads\/2023\/02\/amores-1327x2048.png 1327w, https:\/\/www.socorrolira.com.br\/wp-content\/uploads\/2023\/02\/amores.png 1736w\" sizes=\"auto, (max-width: 194px) 100vw, 194px\" \/><\/strong><\/p>\n<hr>\n<p><strong>2022 &#8211; MINUTO DE SABEDORIA COM DONA BEN\u00c9<br \/>\n<img loading=\"lazy\" decoding=\"async\" class=\"alignnone size-medium wp-image-273\" src=\"https:\/\/www.socorrolira.com.br\/wp-content\/uploads\/2023\/02\/minuto-de-sabedoria-295x300.jpg\" alt=\"\" width=\"295\" height=\"300\" srcset=\"https:\/\/www.socorrolira.com.br\/wp-content\/uploads\/2023\/02\/minuto-de-sabedoria-295x300.jpg 295w, https:\/\/www.socorrolira.com.br\/wp-content\/uploads\/2023\/02\/minuto-de-sabedoria.jpg 753w\" sizes=\"auto, (max-width: 295px) 100vw, 295px\" \/><\/strong><\/p>\n<hr>\n<p><strong>2018 &#8211; DA PERSPECTIVA DAS ORQU\u00cdDEAS<br \/>\n<img loading=\"lazy\" decoding=\"async\" class=\"alignnone size-medium wp-image-274\" src=\"https:\/\/www.socorrolira.com.br\/wp-content\/uploads\/2023\/02\/orquideas-193x300.png\" alt=\"\" width=\"193\" height=\"300\" srcset=\"https:\/\/www.socorrolira.com.br\/wp-content\/uploads\/2023\/02\/orquideas-193x300.png 193w, https:\/\/www.socorrolira.com.br\/wp-content\/uploads\/2023\/02\/orquideas.png 479w\" sizes=\"auto, (max-width: 193px) 100vw, 193px\" \/><\/strong><\/p>\n<hr>\n<p><strong>2018 &#8211; A L\u00cdNGUA QUE A GENTE FALA<\/strong><br \/>\n<img loading=\"lazy\" decoding=\"async\" class=\"alignnone size-medium wp-image-346\" src=\"https:\/\/www.socorrolira.com.br\/wp-content\/uploads\/2023\/02\/osorio-228x300.jpeg\" alt=\"\" width=\"228\" height=\"300\" srcset=\"https:\/\/www.socorrolira.com.br\/wp-content\/uploads\/2023\/02\/osorio-228x300.jpeg 228w, https:\/\/www.socorrolira.com.br\/wp-content\/uploads\/2023\/02\/osorio-778x1024.jpeg 778w, https:\/\/www.socorrolira.com.br\/wp-content\/uploads\/2023\/02\/osorio-768x1011.jpeg 768w, https:\/\/www.socorrolira.com.br\/wp-content\/uploads\/2023\/02\/osorio-1167x1536.jpeg 1167w, https:\/\/www.socorrolira.com.br\/wp-content\/uploads\/2023\/02\/osorio.jpeg 1216w\" sizes=\"auto, (max-width: 228px) 100vw, 228px\" \/><\/p>\n<hr>\n<p><strong>2015 &#8211; A PENA SECRETA DA ASA<br \/>\n<img loading=\"lazy\" decoding=\"async\" class=\"alignnone size-medium wp-image-270\" src=\"https:\/\/www.socorrolira.com.br\/wp-content\/uploads\/2023\/02\/a-pena-secreta-da-asa-300x300.jpg\" alt=\"\" width=\"300\" height=\"300\" srcset=\"https:\/\/www.socorrolira.com.br\/wp-content\/uploads\/2023\/02\/a-pena-secreta-da-asa-300x300.jpg 300w, https:\/\/www.socorrolira.com.br\/wp-content\/uploads\/2023\/02\/a-pena-secreta-da-asa-150x150.jpg 150w, https:\/\/www.socorrolira.com.br\/wp-content\/uploads\/2023\/02\/a-pena-secreta-da-asa-768x770.jpg 768w, https:\/\/www.socorrolira.com.br\/wp-content\/uploads\/2023\/02\/a-pena-secreta-da-asa.jpg 1022w\" sizes=\"auto, (max-width: 300px) 100vw, 300px\" \/><\/strong><\/p>\n<hr>\n<p><strong>2007 &#8211; AQUARELAR<br \/>\n<img loading=\"lazy\" decoding=\"async\" class=\"alignnone size-medium wp-image-272\" src=\"https:\/\/www.socorrolira.com.br\/wp-content\/uploads\/2023\/02\/aquarelar-204x300.jpg\" alt=\"\" width=\"204\" height=\"300\" srcset=\"https:\/\/www.socorrolira.com.br\/wp-content\/uploads\/2023\/02\/aquarelar-204x300.jpg 204w, https:\/\/www.socorrolira.com.br\/wp-content\/uploads\/2023\/02\/aquarelar.jpg 610w\" sizes=\"auto, (max-width: 204px) 100vw, 204px\" \/><\/strong><\/p>\n","protected":false},"excerpt":{"rendered":"<p>2023 &#8211; FALAR DOS MEUS AMORES INVIS\u00cdVEIS 2022 &#8211; MINUTO DE SABEDORIA COM DONA BEN\u00c9 2018 &#8211; DA PERSPECTIVA DAS ORQU\u00cdDEAS 2018 &#8211; A L\u00cdNGUA QUE A GENTE FALA 2015 &#8211; A PENA SECRETA DA ASA 2007 &#8211; AQUARELAR<\/p>\n","protected":false},"author":2,"featured_media":0,"parent":0,"menu_order":0,"comment_status":"closed","ping_status":"closed","template":"page-livros.php","meta":{"ngg_post_thumbnail":0,"footnotes":""},"class_list":["post-172","page","type-page","status-publish","hentry"],"yoast_head":"<!-- This site is optimized with the Yoast SEO plugin v26.9 - https:\/\/yoast.com\/product\/yoast-seo-wordpress\/ -->\n<title>Libros - Socorro Lira<\/title>\n<meta name=\"robots\" content=\"index, follow, max-snippet:-1, max-image-preview:large, max-video-preview:-1\" \/>\n<link rel=\"canonical\" href=\"https:\/\/www.socorrolira.com.br\/es\/livros\/\" \/>\n<meta property=\"og:locale\" content=\"es_ES\" \/>\n<meta property=\"og:locale:alternate\" content=\"en_US\" \/>\n<meta property=\"og:locale:alternate\" content=\"pt_BR\" \/>\n<meta property=\"og:type\" content=\"article\" \/>\n<meta property=\"og:title\" content=\"Libros\" \/>\n<meta property=\"og:description\" content=\"2023 &#8211; FALAR DOS MEUS AMORES INVIS\u00cdVEIS 2022 &#8211; MINUTO DE SABEDORIA COM DONA BEN\u00c9 2018 &#8211; DA PERSPECTIVA DAS ORQU\u00cdDEAS 2018 &#8211; A L\u00cdNGUA QUE A GENTE FALA 2015 &#8211; A PENA SECRETA DA ASA 2007 &#8211; AQUARELAR\" \/>\n<meta property=\"og:url\" content=\"https:\/\/www.socorrolira.com.br\/es\/livros\/\" \/>\n<meta property=\"og:site_name\" content=\"Socorro Lira\" \/>\n<meta property=\"article:modified_time\" content=\"2023-02-07T06:13:31+00:00\" \/>\n<meta property=\"og:image\" content=\"https:\/\/www.socorrolira.com.br\/wp-content\/uploads\/2023\/02\/amores-194x300.png\" \/>\n<meta name=\"twitter:card\" content=\"summary_large_image\" \/>\n<meta name=\"twitter:label1\" content=\"Tiempo de lectura\" \/>\n\t<meta name=\"twitter:data1\" content=\"2 minutos\" \/>\n<script type=\"application\/ld+json\" class=\"yoast-schema-graph\">{\"@context\":\"https:\/\/schema.org\",\"@graph\":[{\"@type\":\"WebPage\",\"@id\":\"https:\/\/www.socorrolira.com.br\/en\/livros\/\",\"url\":\"https:\/\/www.socorrolira.com.br\/en\/livros\/\",\"name\":\"Libros\",\"isPartOf\":{\"@id\":\"https:\/\/www.socorrolira.com.br\/#website\"},\"primaryImageOfPage\":{\"@id\":\"https:\/\/www.socorrolira.com.br\/en\/livros\/#primaryimage\"},\"image\":{\"@id\":\"https:\/\/www.socorrolira.com.br\/en\/livros\/#primaryimage\"},\"thumbnailUrl\":\"https:\/\/www.socorrolira.com.br\/wp-content\/uploads\/2023\/02\/amores-194x300.png\",\"datePublished\":\"2023-02-01T09:56:10+00:00\",\"dateModified\":\"2023-02-07T06:13:31+00:00\",\"breadcrumb\":{\"@id\":\"https:\/\/www.socorrolira.com.br\/en\/livros\/#breadcrumb\"},\"inLanguage\":\"es-ES\",\"potentialAction\":[{\"@type\":\"ReadAction\",\"target\":[\"https:\/\/www.socorrolira.com.br\/en\/livros\/\"]}]},{\"@type\":\"ImageObject\",\"inLanguage\":\"es-ES\",\"@id\":\"https:\/\/www.socorrolira.com.br\/en\/livros\/#primaryimage\",\"url\":\"https:\/\/www.socorrolira.com.br\/wp-content\/uploads\/2023\/02\/amores-194x300.png\",\"contentUrl\":\"https:\/\/www.socorrolira.com.br\/wp-content\/uploads\/2023\/02\/amores-194x300.png\"},{\"@type\":\"BreadcrumbList\",\"@id\":\"https:\/\/www.socorrolira.com.br\/en\/livros\/#breadcrumb\",\"itemListElement\":[{\"@type\":\"ListItem\",\"position\":1,\"name\":\"In\u00edcio\",\"item\":\"https:\/\/www.socorrolira.com.br\/\"},{\"@type\":\"ListItem\",\"position\":2,\"name\":\"Books\"}]},{\"@type\":\"WebSite\",\"@id\":\"https:\/\/www.socorrolira.com.br\/#website\",\"url\":\"https:\/\/www.socorrolira.com.br\/\",\"name\":\"Socorro Lira\",\"description\":\"\",\"publisher\":{\"@id\":\"https:\/\/www.socorrolira.com.br\/#\/schema\/person\/19594370e03ea5a44de8a65dbdfed8d1\"},\"potentialAction\":[{\"@type\":\"SearchAction\",\"target\":{\"@type\":\"EntryPoint\",\"urlTemplate\":\"https:\/\/www.socorrolira.com.br\/?s={search_term_string}\"},\"query-input\":{\"@type\":\"PropertyValueSpecification\",\"valueRequired\":true,\"valueName\":\"search_term_string\"}}],\"inLanguage\":\"es-ES\"},{\"@type\":[\"Person\",\"Organization\"],\"@id\":\"https:\/\/www.socorrolira.com.br\/#\/schema\/person\/19594370e03ea5a44de8a65dbdfed8d1\",\"name\":\"Socorro Lira\",\"image\":{\"@type\":\"ImageObject\",\"inLanguage\":\"es-ES\",\"@id\":\"https:\/\/www.socorrolira.com.br\/#\/schema\/person\/image\/\",\"url\":\"https:\/\/www.socorrolira.com.br\/wp-content\/uploads\/2021\/05\/BANNER-e1620241644572.png\",\"contentUrl\":\"https:\/\/www.socorrolira.com.br\/wp-content\/uploads\/2021\/05\/BANNER-e1620241644572.png\",\"width\":575,\"height\":787,\"caption\":\"Socorro Lira\"},\"logo\":{\"@id\":\"https:\/\/www.socorrolira.com.br\/#\/schema\/person\/image\/\"}}]}<\/script>\n<!-- \/ Yoast SEO plugin. -->","yoast_head_json":{"title":"Libros - Socorro Lira","robots":{"index":"index","follow":"follow","max-snippet":"max-snippet:-1","max-image-preview":"max-image-preview:large","max-video-preview":"max-video-preview:-1"},"canonical":"https:\/\/www.socorrolira.com.br\/es\/livros\/","og_locale":"es_ES","og_type":"article","og_title":"[:en]Books[:pt]Livros[:es]Libros[:] - Socorro Lira","og_description":"2023 &#8211; FALAR DOS MEUS AMORES INVIS\u00cdVEIS 2022 &#8211; MINUTO DE SABEDORIA COM DONA BEN\u00c9 2018 &#8211; DA PERSPECTIVA DAS ORQU\u00cdDEAS 2018 &#8211; A L\u00cdNGUA QUE A GENTE FALA 2015 &#8211; A PENA SECRETA DA ASA 2007 &#8211; AQUARELAR","og_url":"https:\/\/www.socorrolira.com.br\/es\/livros\/","og_site_name":"Socorro Lira","article_modified_time":"2023-02-07T06:13:31+00:00","og_image":[{"url":"https:\/\/www.socorrolira.com.br\/wp-content\/uploads\/2023\/02\/amores-194x300.png","type":"","width":"","height":""}],"twitter_card":"summary_large_image","twitter_misc":{"Tiempo de lectura":"2 minutos"},"schema":{"@context":"https:\/\/schema.org","@graph":[{"@type":"WebPage","@id":"https:\/\/www.socorrolira.com.br\/en\/livros\/","url":"https:\/\/www.socorrolira.com.br\/en\/livros\/","name":"Libros","isPartOf":{"@id":"https:\/\/www.socorrolira.com.br\/#website"},"primaryImageOfPage":{"@id":"https:\/\/www.socorrolira.com.br\/en\/livros\/#primaryimage"},"image":{"@id":"https:\/\/www.socorrolira.com.br\/en\/livros\/#primaryimage"},"thumbnailUrl":"https:\/\/www.socorrolira.com.br\/wp-content\/uploads\/2023\/02\/amores-194x300.png","datePublished":"2023-02-01T09:56:10+00:00","dateModified":"2023-02-07T06:13:31+00:00","breadcrumb":{"@id":"https:\/\/www.socorrolira.com.br\/en\/livros\/#breadcrumb"},"inLanguage":"es-ES","potentialAction":[{"@type":"ReadAction","target":["https:\/\/www.socorrolira.com.br\/en\/livros\/"]}]},{"@type":"ImageObject","inLanguage":"es-ES","@id":"https:\/\/www.socorrolira.com.br\/en\/livros\/#primaryimage","url":"https:\/\/www.socorrolira.com.br\/wp-content\/uploads\/2023\/02\/amores-194x300.png","contentUrl":"https:\/\/www.socorrolira.com.br\/wp-content\/uploads\/2023\/02\/amores-194x300.png"},{"@type":"BreadcrumbList","@id":"https:\/\/www.socorrolira.com.br\/en\/livros\/#breadcrumb","itemListElement":[{"@type":"ListItem","position":1,"name":"In\u00edcio","item":"https:\/\/www.socorrolira.com.br\/"},{"@type":"ListItem","position":2,"name":"Books"}]},{"@type":"WebSite","@id":"https:\/\/www.socorrolira.com.br\/#website","url":"https:\/\/www.socorrolira.com.br\/","name":"Socorro Lira","description":"","publisher":{"@id":"https:\/\/www.socorrolira.com.br\/#\/schema\/person\/19594370e03ea5a44de8a65dbdfed8d1"},"potentialAction":[{"@type":"SearchAction","target":{"@type":"EntryPoint","urlTemplate":"https:\/\/www.socorrolira.com.br\/?s={search_term_string}"},"query-input":{"@type":"PropertyValueSpecification","valueRequired":true,"valueName":"search_term_string"}}],"inLanguage":"es-ES"},{"@type":["Person","Organization"],"@id":"https:\/\/www.socorrolira.com.br\/#\/schema\/person\/19594370e03ea5a44de8a65dbdfed8d1","name":"Socorro Lira","image":{"@type":"ImageObject","inLanguage":"es-ES","@id":"https:\/\/www.socorrolira.com.br\/#\/schema\/person\/image\/","url":"https:\/\/www.socorrolira.com.br\/wp-content\/uploads\/2021\/05\/BANNER-e1620241644572.png","contentUrl":"https:\/\/www.socorrolira.com.br\/wp-content\/uploads\/2021\/05\/BANNER-e1620241644572.png","width":575,"height":787,"caption":"Socorro Lira"},"logo":{"@id":"https:\/\/www.socorrolira.com.br\/#\/schema\/person\/image\/"}}]}},"_links":{"self":[{"href":"https:\/\/www.socorrolira.com.br\/es\/wp-json\/wp\/v2\/pages\/172","targetHints":{"allow":["GET"]}}],"collection":[{"href":"https:\/\/www.socorrolira.com.br\/es\/wp-json\/wp\/v2\/pages"}],"about":[{"href":"https:\/\/www.socorrolira.com.br\/es\/wp-json\/wp\/v2\/types\/page"}],"author":[{"embeddable":true,"href":"https:\/\/www.socorrolira.com.br\/es\/wp-json\/wp\/v2\/users\/2"}],"replies":[{"embeddable":true,"href":"https:\/\/www.socorrolira.com.br\/es\/wp-json\/wp\/v2\/comments?post=172"}],"version-history":[{"count":17,"href":"https:\/\/www.socorrolira.com.br\/es\/wp-json\/wp\/v2\/pages\/172\/revisions"}],"predecessor-version":[{"id":349,"href":"https:\/\/www.socorrolira.com.br\/es\/wp-json\/wp\/v2\/pages\/172\/revisions\/349"}],"wp:attachment":[{"href":"https:\/\/www.socorrolira.com.br\/es\/wp-json\/wp\/v2\/media?parent=172"}],"curies":[{"name":"wp","href":"https:\/\/api.w.org\/{rel}","templated":true}]}}