{"id":304,"date":"2023-02-04T20:12:18","date_gmt":"2023-02-04T23:12:18","guid":{"rendered":"https:\/\/www.socorrolira.com.br\/?page_id=304"},"modified":"2025-11-25T13:40:42","modified_gmt":"2025-11-25T16:40:42","slug":"liraprocult","status":"publish","type":"page","link":"https:\/\/www.socorrolira.com.br\/en\/liraprocult\/","title":{"rendered":"Liraprocult"},"content":{"rendered":"<p><img loading=\"lazy\" decoding=\"async\" class=\"alignnone wp-image-490\" src=\"https:\/\/www.socorrolira.com.br\/wp-content\/uploads\/2024\/10\/logoAprovadoLira-300x114.jpg\" alt=\"\" width=\"179\" height=\"68\" srcset=\"https:\/\/www.socorrolira.com.br\/wp-content\/uploads\/2024\/10\/logoAprovadoLira-300x114.jpg 300w, https:\/\/www.socorrolira.com.br\/wp-content\/uploads\/2024\/10\/logoAprovadoLira-1024x388.jpg 1024w, https:\/\/www.socorrolira.com.br\/wp-content\/uploads\/2024\/10\/logoAprovadoLira-768x291.jpg 768w, https:\/\/www.socorrolira.com.br\/wp-content\/uploads\/2024\/10\/logoAprovadoLira-1536x581.jpg 1536w, https:\/\/www.socorrolira.com.br\/wp-content\/uploads\/2024\/10\/logoAprovadoLira.jpg 1725w\" sizes=\"auto, (max-width: 179px) 100vw, 179px\" \/><\/p>\n<p><strong>CURRICULUM<\/strong><br \/>\nFounded in 2008 by Socorro Lira, the company Liraprocult is based in S\u00e3o Paulo \u2013 SP, Brazil, and operates in the music, literature, and film sectors.<\/p>\n<p><strong>VENTANA SUR 2025<\/strong><br \/>\nPara o Ventana Sur em Buenos Aires a Liraprocult integra as delega\u00e7\u00f5es do programa NextFreme, da SPCinena com o Brazilian Content; e Crie Audiovisual, do Sebrae SP.<br \/>\nRepresentada pela diretora Socorro Lira, a produtora leva os seguintes projetos:<\/p>\n<ul>\n<li><em>O Amor de Maria Firmina dos Reis<\/em> (fiction feature film), focused on co-production.<\/li>\n<li><em>Mar\u00eda Sabina, os Cogumelos e Eu<\/em> (documentary feature film), focused on co-production.<\/li>\n<li><em>V\u00eanus Visitou S\u00e3o Paulo<\/em> and <em>En Nombre del Amor<\/em>, short films for distribution.<\/li>\n<\/ul>\n<p><strong>VENTANA SUR 2025<\/strong><br \/>\nFor Ventana Sur in Buenos Aires, Liraprocult is part of the delegations of the NextFreme program by SPCinema with Brazilian Content, and Crie Audiovisual by Sebrae SP.<br \/>\nRepresented by director Socorro Lira, the company presents the following projects:<\/p>\n<ul>\n<li><em>O Amor de Maria Firmina dos Reis<\/em> (fiction feature film), focusing on co-production.<\/li>\n<li><em>Mar\u00eda Sabina, os Cogumelos e Eu<\/em> (documentary feature film), focusing on co-production.<\/li>\n<li><em>V\u00eanus Visitou S\u00e3o Paulo<\/em> and <em>En Nombre del Amor<\/em>, short films for distribution.<\/li>\n<\/ul>\n<p><strong>REALIZA\u00c7\u00c3O NO AUDIOVISUAL<\/strong><br \/>\n<em>En Nombre del Amor<\/em> (2025), documentary short film. Screenplay and co-direction: Socorro Lira, Mariana Pallas, Alexander Dieppa and Luciana Martins.<br \/>\n<em>V\u00eanus Visitou S\u00e3o Paulo<\/em> (2024), fiction short film (25 min). Production and direction: Socorro Lira.<br \/>\n<em>t\u00f4 esperando voc\u00ea voltar<\/em> (2022), fiction short film by director Marina Lavarini. Production: Socorro Lira.<br \/>\n<em>Aqui tem coco \u2013 Um dia<\/em> and <em>Caiana dos Crioulos<\/em> (2014), documentary short film (20 min). Screenplay, production and direction: Socorro Lira.<br \/>\n<em>Zefa<\/em> (2018), documentary short film. Production and direction: Socorro Lira.<\/p>\n<p><strong>AUDIOVISUAL WORKS<\/strong><br \/>\n<em>En Nombre del Amor<\/em> (2025), documentary short film. Screenplay and co-direction: Socorro Lira, Mariana Pallas, Alexander Dieppa and Luciana Martins.<br \/>\n<em>V\u00eanus Visitou S\u00e3o Paulo<\/em> (2024), fiction short film (25 min). Production and direction: Socorro Lira.<br \/>\n<em>t\u00f4 esperando voc\u00ea voltar<\/em> (2022), fiction short film by director Marina Lavarini. Production: Socorro Lira.<br \/>\n<em>Aqui tem coco \u2013 Um dia<\/em> and <em>Caiana dos Crioulos<\/em> (2014), documentary short film (20 min). Screenplay, production and direction: Socorro Lira.<br \/>\n<em>Zefa<\/em> (2018), documentary short film. Production and direction: Socorro Lira.<\/p>\n<p><strong>PRODU\u00c7\u00c3O NA \u00c1REA DISCOGR\u00c1FICA:<\/strong><br \/>\n2025. Single <em>dar a terra \u00e0 Terra<\/em>, Socorro Lira, music video.<br \/>\n2024. Album <em>D\u00e1-me as Rosas<\/em>, poetry by Carolina Maria de Jesus set to music by Socorro Lira (Proac 2023).<br \/>\n2023. Album <em>Dharma<\/em>, Socorro Lira (Proac LAB 2022).<br \/>\nSingle <em>As Cigarras<\/em>, by Socorro Lira.<br \/>\n2022. Album <em>Noturno<\/em>, poetry by Ruth Guimar\u00e3es set to music by Socorro Lira (Proac LAB 2021).<br \/>\n2019. CD <em>Chama<\/em>, by Socorro Lira.<br \/>\n2019. CD <em>Cantos \u00e0 Beira-mar<\/em>, poetry by Maria Firmina dos Reis set to music by Socorro Lira.<br \/>\n2018. Book-CD <em>A l\u00edngua que a gente fala<\/em>, by Socorro Lira.<br \/>\n2014\u20132021. Compilation CDs <em>Pr\u00eamio Gr\u00e3o de M\u00fasica<\/em>.<br \/>\n2015. DVD <em>Amaz\u00f4nia Entre \u00c1guas e Desertos<\/em>, by Socorro Lira.<br \/>\n2014. CD <em>Amaz\u00f4nia Entre \u00c1guas e Desertos<\/em>, by Socorro Lira.<br \/>\n2014. Creation of <em>Pr\u00eamio Gr\u00e3o de M\u00fasica<\/em> \/ <em>Evento Gr\u00e3o de Arroz 40 Anos<\/em> (Salvador).<br \/>\n2013. Production of the music video <em>Poema Did\u00e1ctico<\/em>, by Socorro Lira.<br \/>\n2012. Artistic direction of the CD <em>O Samba do Rei do Bai\u00e3o<\/em>, by Socorro Lira and Oswaldinho do Acordeon.<br \/>\n2012. CD <em>Singelo tratado sobre a Delicadeza<\/em>, by Socorro Lira.<br \/>\n2011. CD <em>Lua Bonita<\/em>, dedicated to the work of Para\u00edba composer Z\u00e9 do Norte.<br \/>\n2010. Compilation CD <em>Gr\u00e3o de M\u00fasica<\/em>.<br \/>\n2010. CD <em>Cores do Atl\u00e2ntico<\/em> (Ponte&#8230; Nas Ondas! Spain);<br \/>\nCD <em>Compositoras Vol. 1<\/em>.<br \/>\n2009. CD <em>No terreiro da Casa de M\u00e3e Joana<\/em>, by Socorro Lira.<br \/>\n2007. CD <em>As Liras Pedem Socorro<\/em>, by Socorro Lira.<br \/>\n2007. CD <em>Desencosta da Parede<\/em>, Caiana dos Crioulos PB.<br \/>\n2006. CD <em>Intersec\u00e7\u00e3o \u2013 A Linha e o Ponto<\/em> (Petrobras Cultural 04\u201305), Socorro Lira.<br \/>\n2004. CD <em>Pedra de Amolar<\/em>, from the unpublished work in homage to Z\u00e9 Marcolino.<br \/>\n2003. CD <em>Cantigas de Bem-Querer<\/em>, by Socorro Lira.<br \/>\n2003. CD <em>Ciranda, Coco-de-Roda e Outros Cantos<\/em> (public domain), Caiana dos Crioulos.<br \/>\n2001. CD <em>Cantigas<\/em>, by Socorro Lira.<\/p>\n<p><strong>DISCOGRAPHIC PRODUCTION:<\/strong><br \/>\n(English version mirrors the list above; kept in Portuguese\/English parallel for formatting consistency.)<\/p>\n<p><strong>REPRESENTA\u00c7\u00c3O &#8211; ATIVIDADES DE SOCORRO LIRA<\/strong><br \/>\n2008\u20132024. Representante exclusiva em todas as atividades da artista Socorro Lira no Brasil e no exterior com realiza\u00e7\u00e3o de turn\u00eas nacionais e internacionais; produ\u00e7\u00e3o e promo\u00e7\u00e3o do projeto <em>Cores do Atl\u00e2ntico<\/em> na Espanha em 2010 e no Brasil em 2026, com CD indicado ao Pr\u00eamio da M\u00fasica Brasileira, em 2017.<br \/>\n2014\u20132024. Representante exclusiva do <em>Pr\u00eamio Gr\u00e3o de M\u00fasica<\/em>.<\/p>\n<p><strong>REPRESENTATION \u2013 SOCORRO LIRA\u2019S ACTIVITIES<\/strong><br \/>\n2008\u20132024. Exclusive representative for all activities of artist Socorro Lira in Brazil and abroad, carrying out national and international tours; production and promotion of the <em>Cores do Atl\u00e2ntico<\/em> project in Spain (2010) and in Brazil (2026), with the CD nominated for the Brazilian Music Award in 2017.<br \/>\n2014\u20132024. Exclusive representative of the <em>Pr\u00eamio Gr\u00e3o de M\u00fasica<\/em>.<\/p>\n<p><strong>PROJETOS ESPECIAIS<\/strong><br \/>\nRealiza\u00e7\u00e3o do projeto <em>AvivaVOZ<\/em> das escritoras Maria Val\u00e9ria Rezende e Susana Ventura e da compositora, cantora, escritora e produtora Socorro Lira.<\/p>\n<p><strong>SPECIAL PROJECTS<\/strong><br \/>\nRealization of the <em>AvivaVOZ<\/em> project by writers Maria Val\u00e9ria Rezende and Susana Ventura, and composer, singer, writer, and producer Socorro Lira.<\/p>\n<p><strong>PROJETOS EM ANDAMENTO<\/strong><br \/>\n<em>O Amor de Maria Firmina dos Reis<\/em> \u2013 Projeto de longa-metragem em desenvolvimento sobre Maria Firmina dos Reis.<br \/>\n<em>Assobio<\/em> \u2013 Festival na Natureza.<br \/>\n\u00c1lbum <em>Folia<\/em>.<\/p>\n<p><strong>ONGOING PROJECTS<\/strong><br \/>\n<em>O Amor de Maria Firmina dos Reis<\/em> &#8211; Feature film project in development about Maria Firmina dos Reis.<br \/>\n<em>Mar\u00eda Sabina, the Mashrooms and Me<\/em> &#8211; Feature film project in development.<br \/>\n<em>Assobio<\/em> \u2013 Festival in Nature.<br \/>\nAlbum <em>Folia<\/em>.<\/p>\n<p>&nbsp;<\/p>\n<p>&nbsp;<\/p>\n","protected":false},"excerpt":{"rendered":"<p>CURRICULUM Founded in 2008 by Socorro Lira, the company Liraprocult is based in S\u00e3o Paulo \u2013 SP, Brazil, and operates in the music, literature, and film sectors. VENTANA SUR 2025 Para o Ventana Sur em Buenos Aires a Liraprocult integra as delega\u00e7\u00f5es do programa NextFreme, da SPCinena com o Brazilian Content; e Crie Audiovisual, do [&hellip;]<\/p>\n","protected":false},"author":2,"featured_media":0,"parent":0,"menu_order":0,"comment_status":"closed","ping_status":"closed","template":"page-biografia.php","meta":{"ngg_post_thumbnail":0,"footnotes":""},"class_list":["post-304","page","type-page","status-publish","hentry"],"yoast_head":"<!-- This site is optimized with the Yoast SEO plugin v26.9 - https:\/\/yoast.com\/product\/yoast-seo-wordpress\/ -->\n<title>Liraprocult - Socorro Lira<\/title>\n<meta name=\"robots\" content=\"index, follow, max-snippet:-1, max-image-preview:large, max-video-preview:-1\" \/>\n<link rel=\"canonical\" href=\"https:\/\/www.socorrolira.com.br\/en\/liraprocult\/\" \/>\n<meta property=\"og:locale\" content=\"en_US\" \/>\n<meta property=\"og:locale:alternate\" content=\"pt_BR\" \/>\n<meta property=\"og:locale:alternate\" content=\"es_ES\" \/>\n<meta property=\"og:type\" content=\"article\" \/>\n<meta property=\"og:title\" content=\"Liraprocult\" \/>\n<meta property=\"og:description\" content=\"CURRICULUM Founded in 2008 by Socorro Lira, the company Liraprocult is based in S\u00e3o Paulo \u2013 SP, Brazil, and operates in the music, literature, and film sectors. VENTANA SUR 2025 Para o Ventana Sur em Buenos Aires a Liraprocult integra as delega\u00e7\u00f5es do programa NextFreme, da SPCinena com o Brazilian Content; e Crie Audiovisual, do [&hellip;]\" \/>\n<meta property=\"og:url\" content=\"https:\/\/www.socorrolira.com.br\/en\/liraprocult\/\" \/>\n<meta property=\"og:site_name\" content=\"Socorro Lira\" \/>\n<meta property=\"article:modified_time\" content=\"2025-11-25T16:40:42+00:00\" \/>\n<meta property=\"og:image\" content=\"https:\/\/www.socorrolira.com.br\/wp-content\/uploads\/2024\/10\/logoAprovadoLira.jpg\" \/>\n\t<meta property=\"og:image:width\" content=\"1725\" \/>\n\t<meta property=\"og:image:height\" content=\"653\" \/>\n\t<meta property=\"og:image:type\" content=\"image\/jpeg\" \/>\n<meta name=\"twitter:card\" content=\"summary_large_image\" \/>\n<meta name=\"twitter:label1\" content=\"Est. reading time\" \/>\n\t<meta name=\"twitter:data1\" content=\"6 minutes\" \/>\n<script type=\"application\/ld+json\" class=\"yoast-schema-graph\">{\"@context\":\"https:\/\/schema.org\",\"@graph\":[{\"@type\":\"WebPage\",\"@id\":\"https:\/\/www.socorrolira.com.br\/en\/liraprocult\/\",\"url\":\"https:\/\/www.socorrolira.com.br\/en\/liraprocult\/\",\"name\":\"Liraprocult\",\"isPartOf\":{\"@id\":\"https:\/\/www.socorrolira.com.br\/#website\"},\"primaryImageOfPage\":{\"@id\":\"https:\/\/www.socorrolira.com.br\/en\/liraprocult\/#primaryimage\"},\"image\":{\"@id\":\"https:\/\/www.socorrolira.com.br\/en\/liraprocult\/#primaryimage\"},\"thumbnailUrl\":\"https:\/\/www.socorrolira.com.br\/wp-content\/uploads\/2024\/10\/logoAprovadoLira-300x114.jpg\",\"datePublished\":\"2023-02-04T23:12:18+00:00\",\"dateModified\":\"2025-11-25T16:40:42+00:00\",\"breadcrumb\":{\"@id\":\"https:\/\/www.socorrolira.com.br\/en\/liraprocult\/#breadcrumb\"},\"inLanguage\":\"en-US\",\"potentialAction\":[{\"@type\":\"ReadAction\",\"target\":[\"https:\/\/www.socorrolira.com.br\/en\/liraprocult\/\"]}]},{\"@type\":\"ImageObject\",\"inLanguage\":\"en-US\",\"@id\":\"https:\/\/www.socorrolira.com.br\/en\/liraprocult\/#primaryimage\",\"url\":\"https:\/\/www.socorrolira.com.br\/wp-content\/uploads\/2024\/10\/logoAprovadoLira-300x114.jpg\",\"contentUrl\":\"https:\/\/www.socorrolira.com.br\/wp-content\/uploads\/2024\/10\/logoAprovadoLira-300x114.jpg\"},{\"@type\":\"BreadcrumbList\",\"@id\":\"https:\/\/www.socorrolira.com.br\/en\/liraprocult\/#breadcrumb\",\"itemListElement\":[{\"@type\":\"ListItem\",\"position\":1,\"name\":\"In\u00edcio\",\"item\":\"https:\/\/www.socorrolira.com.br\/\"},{\"@type\":\"ListItem\",\"position\":2,\"name\":\"Liraprocult\"}]},{\"@type\":\"WebSite\",\"@id\":\"https:\/\/www.socorrolira.com.br\/#website\",\"url\":\"https:\/\/www.socorrolira.com.br\/\",\"name\":\"Socorro Lira\",\"description\":\"\",\"publisher\":{\"@id\":\"https:\/\/www.socorrolira.com.br\/#\/schema\/person\/19594370e03ea5a44de8a65dbdfed8d1\"},\"potentialAction\":[{\"@type\":\"SearchAction\",\"target\":{\"@type\":\"EntryPoint\",\"urlTemplate\":\"https:\/\/www.socorrolira.com.br\/?s={search_term_string}\"},\"query-input\":{\"@type\":\"PropertyValueSpecification\",\"valueRequired\":true,\"valueName\":\"search_term_string\"}}],\"inLanguage\":\"en-US\"},{\"@type\":[\"Person\",\"Organization\"],\"@id\":\"https:\/\/www.socorrolira.com.br\/#\/schema\/person\/19594370e03ea5a44de8a65dbdfed8d1\",\"name\":\"Socorro Lira\",\"image\":{\"@type\":\"ImageObject\",\"inLanguage\":\"en-US\",\"@id\":\"https:\/\/www.socorrolira.com.br\/#\/schema\/person\/image\/\",\"url\":\"https:\/\/www.socorrolira.com.br\/wp-content\/uploads\/2021\/05\/BANNER-e1620241644572.png\",\"contentUrl\":\"https:\/\/www.socorrolira.com.br\/wp-content\/uploads\/2021\/05\/BANNER-e1620241644572.png\",\"width\":575,\"height\":787,\"caption\":\"Socorro Lira\"},\"logo\":{\"@id\":\"https:\/\/www.socorrolira.com.br\/#\/schema\/person\/image\/\"}}]}<\/script>\n<!-- \/ Yoast SEO plugin. -->","yoast_head_json":{"title":"Liraprocult - Socorro Lira","robots":{"index":"index","follow":"follow","max-snippet":"max-snippet:-1","max-image-preview":"max-image-preview:large","max-video-preview":"max-video-preview:-1"},"canonical":"https:\/\/www.socorrolira.com.br\/en\/liraprocult\/","og_locale":"en_US","og_type":"article","og_title":"[:en]Liraprocult[:pt]Liraprocult[:es]Liraprocult[:] - Socorro Lira","og_description":"CURRICULUM Founded in 2008 by Socorro Lira, the company Liraprocult is based in S\u00e3o Paulo \u2013 SP, Brazil, and operates in the music, literature, and film sectors. VENTANA SUR 2025 Para o Ventana Sur em Buenos Aires a Liraprocult integra as delega\u00e7\u00f5es do programa NextFreme, da SPCinena com o Brazilian Content; e Crie Audiovisual, do [&hellip;]","og_url":"https:\/\/www.socorrolira.com.br\/en\/liraprocult\/","og_site_name":"Socorro Lira","article_modified_time":"2025-11-25T16:40:42+00:00","og_image":[{"width":1725,"height":653,"url":"https:\/\/www.socorrolira.com.br\/wp-content\/uploads\/2024\/10\/logoAprovadoLira.jpg","type":"image\/jpeg"}],"twitter_card":"summary_large_image","twitter_misc":{"Est. reading time":"6 minutes"},"schema":{"@context":"https:\/\/schema.org","@graph":[{"@type":"WebPage","@id":"https:\/\/www.socorrolira.com.br\/en\/liraprocult\/","url":"https:\/\/www.socorrolira.com.br\/en\/liraprocult\/","name":"Liraprocult","isPartOf":{"@id":"https:\/\/www.socorrolira.com.br\/#website"},"primaryImageOfPage":{"@id":"https:\/\/www.socorrolira.com.br\/en\/liraprocult\/#primaryimage"},"image":{"@id":"https:\/\/www.socorrolira.com.br\/en\/liraprocult\/#primaryimage"},"thumbnailUrl":"https:\/\/www.socorrolira.com.br\/wp-content\/uploads\/2024\/10\/logoAprovadoLira-300x114.jpg","datePublished":"2023-02-04T23:12:18+00:00","dateModified":"2025-11-25T16:40:42+00:00","breadcrumb":{"@id":"https:\/\/www.socorrolira.com.br\/en\/liraprocult\/#breadcrumb"},"inLanguage":"en-US","potentialAction":[{"@type":"ReadAction","target":["https:\/\/www.socorrolira.com.br\/en\/liraprocult\/"]}]},{"@type":"ImageObject","inLanguage":"en-US","@id":"https:\/\/www.socorrolira.com.br\/en\/liraprocult\/#primaryimage","url":"https:\/\/www.socorrolira.com.br\/wp-content\/uploads\/2024\/10\/logoAprovadoLira-300x114.jpg","contentUrl":"https:\/\/www.socorrolira.com.br\/wp-content\/uploads\/2024\/10\/logoAprovadoLira-300x114.jpg"},{"@type":"BreadcrumbList","@id":"https:\/\/www.socorrolira.com.br\/en\/liraprocult\/#breadcrumb","itemListElement":[{"@type":"ListItem","position":1,"name":"In\u00edcio","item":"https:\/\/www.socorrolira.com.br\/"},{"@type":"ListItem","position":2,"name":"Liraprocult"}]},{"@type":"WebSite","@id":"https:\/\/www.socorrolira.com.br\/#website","url":"https:\/\/www.socorrolira.com.br\/","name":"Socorro Lira","description":"","publisher":{"@id":"https:\/\/www.socorrolira.com.br\/#\/schema\/person\/19594370e03ea5a44de8a65dbdfed8d1"},"potentialAction":[{"@type":"SearchAction","target":{"@type":"EntryPoint","urlTemplate":"https:\/\/www.socorrolira.com.br\/?s={search_term_string}"},"query-input":{"@type":"PropertyValueSpecification","valueRequired":true,"valueName":"search_term_string"}}],"inLanguage":"en-US"},{"@type":["Person","Organization"],"@id":"https:\/\/www.socorrolira.com.br\/#\/schema\/person\/19594370e03ea5a44de8a65dbdfed8d1","name":"Socorro Lira","image":{"@type":"ImageObject","inLanguage":"en-US","@id":"https:\/\/www.socorrolira.com.br\/#\/schema\/person\/image\/","url":"https:\/\/www.socorrolira.com.br\/wp-content\/uploads\/2021\/05\/BANNER-e1620241644572.png","contentUrl":"https:\/\/www.socorrolira.com.br\/wp-content\/uploads\/2021\/05\/BANNER-e1620241644572.png","width":575,"height":787,"caption":"Socorro Lira"},"logo":{"@id":"https:\/\/www.socorrolira.com.br\/#\/schema\/person\/image\/"}}]}},"_links":{"self":[{"href":"https:\/\/www.socorrolira.com.br\/en\/wp-json\/wp\/v2\/pages\/304","targetHints":{"allow":["GET"]}}],"collection":[{"href":"https:\/\/www.socorrolira.com.br\/en\/wp-json\/wp\/v2\/pages"}],"about":[{"href":"https:\/\/www.socorrolira.com.br\/en\/wp-json\/wp\/v2\/types\/page"}],"author":[{"embeddable":true,"href":"https:\/\/www.socorrolira.com.br\/en\/wp-json\/wp\/v2\/users\/2"}],"replies":[{"embeddable":true,"href":"https:\/\/www.socorrolira.com.br\/en\/wp-json\/wp\/v2\/comments?post=304"}],"version-history":[{"count":50,"href":"https:\/\/www.socorrolira.com.br\/en\/wp-json\/wp\/v2\/pages\/304\/revisions"}],"predecessor-version":[{"id":662,"href":"https:\/\/www.socorrolira.com.br\/en\/wp-json\/wp\/v2\/pages\/304\/revisions\/662"}],"wp:attachment":[{"href":"https:\/\/www.socorrolira.com.br\/en\/wp-json\/wp\/v2\/media?parent=304"}],"curies":[{"name":"wp","href":"https:\/\/api.w.org\/{rel}","templated":true}]}}